{"id":9274,"date":"2023-05-24T05:59:25","date_gmt":"2023-05-24T03:59:25","guid":{"rendered":"https:\/\/devwp.websiteserverhost.biz\/mindyourgap\/seo\/"},"modified":"2025-08-08T19:33:06","modified_gmt":"2025-08-08T17:33:06","slug":"seo","status":"publish","type":"page","link":"https:\/\/mindyourgap.com\/ca\/seo\/","title":{"rendered":"SEO"},"content":{"rendered":"\t\t<div data-elementor-type=\"wp-page\" data-elementor-id=\"9274\" class=\"elementor elementor-9274 elementor-9267\" data-elementor-post-type=\"page\">\n\t\t\t\t\t\t<section class=\"elementor-section elementor-top-section elementor-element elementor-element-02ae3f7 elementor-section-full_width elementor-section-height-default elementor-section-height-default\" data-id=\"02ae3f7\" data-element_type=\"section\" data-e-type=\"section\">\n\t\t\t\t\t\t<div class=\"elementor-container elementor-column-gap-no\">\n\t\t\t\t\t<div class=\"elementor-column elementor-col-100 elementor-top-column elementor-element elementor-element-585d069\" data-id=\"585d069\" data-element_type=\"column\" data-e-type=\"column\">\n\t\t\t<div class=\"elementor-widget-wrap elementor-element-populated\">\n\t\t\t\t\t\t<div class=\"elementor-element elementor-element-a7fec5f elementor-widget elementor-widget-tp-heading-2\" data-id=\"a7fec5f\" data-element_type=\"widget\" data-e-type=\"widget\" data-widget_type=\"tp-heading-2.default\">\n\t\t\t\t<div class=\"elementor-widget-container\">\n\t\t\t\t\t\r\n\t\t\r\n\r\n         <!-- contact area start -->\r\n         <section class=\"tp-section-area p-relative z-index-1 tp-section-spacing tp-el-section\">\r\n            <div class=\"tp-section-bg include-bg\" data-background=\"https:\/\/mindyourgap.com\/wp-content\/uploads\/2023\/06\/contact-bg.png\"><\/div>\r\n            <div class=\"container\">\r\n               <div class=\"row justify-content-center\">\r\n                  <div class=\"col-xl-8 col-lg-8\">\r\n                     <div class=\"tp-section-wrapper-2 text-center tp-el-content\">\r\n\r\n\t\t\t\t\t\t\t\t\t\t\t\t<span class=\"faq__title-pre tp-el-subtitle\">\r\n\t\t\t\t\t\t\tSEO\t\t\t\t\t\t<\/span>\r\n\t\t\t\t\t\t\t\t\t\t\t\t\r\n\t\t\t\t\t\t<h2 class=\"tp-section-title-2 font-70 tp-el-title\">Millorem la visibilitat als resultats de cerca<\/h2>\r\n\t\t\t\t\t\t\r\n                     <\/div>\r\n                  <\/div>\r\n               <\/div>\r\n            <\/div>\r\n         <\/section>\r\n         <!-- contact area end -->\r\n\r\n         \r\n        \t\t\t\t<\/div>\n\t\t\t\t<\/div>\n\t\t\t\t\t<\/div>\n\t\t<\/div>\n\t\t\t\t\t<\/div>\n\t\t<\/section>\n\t\t\t\t<section class=\"elementor-section elementor-top-section elementor-element elementor-element-120ee66 elementor-section-boxed elementor-section-height-default elementor-section-height-default\" data-id=\"120ee66\" data-element_type=\"section\" data-e-type=\"section\">\n\t\t\t\t\t\t<div class=\"elementor-container elementor-column-gap-custom\">\n\t\t\t\t\t<div class=\"elementor-column elementor-col-100 elementor-top-column elementor-element elementor-element-aa9f135\" data-id=\"aa9f135\" data-element_type=\"column\" data-e-type=\"column\">\n\t\t\t<div class=\"elementor-widget-wrap elementor-element-populated\">\n\t\t\t\t\t\t<div class=\"elementor-element elementor-element-2d6af52 elementor-widget elementor-widget-text-editor\" data-id=\"2d6af52\" data-element_type=\"widget\" data-e-type=\"widget\" data-widget_type=\"text-editor.default\">\n\t\t\t\t<div class=\"elementor-widget-container\">\n\t\t\t\t\t\t\t\t\t<h2><span style=\"font-weight: 400;\">El SEO, o Posicionament en Motors de Cerca, \u00e9s la pr\u00e0ctica de millorar la visibilitat i el r\u00e0nquing org\u00e0nic (no pagat) d\u2019un lloc web en els motors de cerca. Involucra diverses t\u00e8cniques i estrat\u00e8gies amb l\u2019objectiu d\u2019optimitzar el contingut, l\u2019estructura i altres elements d\u2019un lloc web per a fer-lo m\u00e9s atractiu per als motors de cerca.<\/span><\/h2>\t\t\t\t\t\t\t\t<\/div>\n\t\t\t\t<\/div>\n\t\t\t\t\t<\/div>\n\t\t<\/div>\n\t\t\t\t\t<\/div>\n\t\t<\/section>\n\t\t\t\t<section class=\"elementor-section elementor-top-section elementor-element elementor-element-25e52c8 elementor-section-boxed elementor-section-height-default elementor-section-height-default\" data-id=\"25e52c8\" data-element_type=\"section\" data-e-type=\"section\">\n\t\t\t\t\t\t<div class=\"elementor-container elementor-column-gap-default\">\n\t\t\t\t\t<div class=\"elementor-column elementor-col-100 elementor-top-column elementor-element elementor-element-650e3bc\" data-id=\"650e3bc\" data-element_type=\"column\" data-e-type=\"column\">\n\t\t\t<div class=\"elementor-widget-wrap elementor-element-populated\">\n\t\t\t\t\t\t<div class=\"elementor-element elementor-element-77906c0 elementor-widget elementor-widget-text-editor\" data-id=\"77906c0\" data-element_type=\"widget\" data-e-type=\"widget\" data-widget_type=\"text-editor.default\">\n\t\t\t\t<div class=\"elementor-widget-container\">\n\t\t\t\t\t\t\t\t\t<p><span style=\"font-weight: 400;\">L&#8217;objectiu principal del SEO \u00e9s augmentar la visibilitat d&#8217;un lloc web en les p\u00e0gines de resultats dels motors de cerca (SERPs, per les seves sigles en angl\u00e8s) i dirigir m\u00e9s tr\u00e0nsit org\u00e0nic al lloc. Quan els usuaris busquen paraules clau o frases relacionades amb el contingut del lloc web, el SEO ajuda a garantir que el lloc aparegui en una posici\u00f3 m\u00e9s alta en els resultats de cerca, idealment en la primera p\u00e0gina.<\/span><br \/><span style=\"font-weight: 400;\">El SEO abasta una \u00e0mplia gamma d&#8217;activitats, que inclouen:<\/span><\/p><ul><li style=\"font-weight: 400;\" aria-level=\"1\"><b>Recerca de paraules clau:<\/b><span style=\"font-weight: 400;\"> Identificar paraules clau rellevants i frases que els usuaris busquen en buscar informaci\u00f3 relacionada amb el contingut del lloc web.<\/span><\/li><\/ul><ul><li style=\"font-weight: 400;\" aria-level=\"1\"><b>Optimitzaci\u00f3 en la p\u00e0gina:<\/b><span style=\"font-weight: 400;\"> Optimitzar diversos elements en la p\u00e0gina d&#8217;un lloc web, com a t\u00edtols, encap\u00e7alats, etiquetes meta, estructura d&#8217;URL i contingut, perqu\u00e8 estiguin alineats amb les paraules clau objectiu i millorar la capacitat de rastreig dels motors de cerca.<\/span><\/li><\/ul><ul><li style=\"font-weight: 400;\" aria-level=\"1\"><b>Optimitzaci\u00f3 t\u00e8cnica:<\/b><span style=\"font-weight: 400;\"> Abordar aspectes t\u00e8cnics d&#8217;un lloc web, com la velocitat del lloc, l&#8217;adaptabilitat m\u00f2bil, la indexaci\u00f3, la capacitat de rastreig i l&#8217;estructura d&#8217;URL, per a garantir que els motors de cerca puguin accedir i comprendre f\u00e0cilment el lloc.<\/span><\/li><\/ul><ul><li style=\"font-weight: 400;\" aria-level=\"1\"><b>Creaci\u00f3 i optimitzaci\u00f3 de contingut:<\/b><span style=\"font-weight: 400;\"> Desenvolupar contingut rellevant, d&#8217;alta qualitat i atractiu que s&#8217;aline\u00ef amb la intenci\u00f3 de cerca de l&#8217;usuari i incorpori paraules clau de manera natural.<\/span><\/li><\/ul><ul><li style=\"font-weight: 400;\" aria-level=\"1\"><b>Construcci\u00f3 d&#8217;enlla\u00e7os:<\/b><span style=\"font-weight: 400;\"> Adquirir enlla\u00e7os d&#8217;alta qualitat d&#8217;altres llocs web de confian\u00e7a per a millorar l&#8217;autoritat i confiabilitat del lloc als ulls dels motors de cerca.<\/span><\/li><\/ul><ul><li style=\"font-weight: 400;\" aria-level=\"1\"><b>Optimitzaci\u00f3 de l&#8217;experi\u00e8ncia de l&#8217;usuari:<\/b><span style=\"font-weight: 400;\"> Millorar l&#8217;experi\u00e8ncia general de l&#8217;usuari en un lloc web en millorar la navegaci\u00f3, la velocitat de c\u00e0rrega de les p\u00e0gines, l&#8217;adaptabilitat m\u00f2bil i la usabilitat general.<\/span><\/li><\/ul><ul><li style=\"font-weight: 400;\" aria-level=\"1\"><b>SEO local (si correspon):<\/b><span style=\"font-weight: 400;\"> Optimitzar un lloc web per a orientar les cerques locals mitjan\u00e7ant la inclusi\u00f3 de paraules clau espec\u00edfiques de la ubicaci\u00f3, la creaci\u00f3 i optimitzaci\u00f3 d&#8217;un perfil en Google My Business i l&#8217;obtenci\u00f3 d&#8217;esments en directoris locals.<\/span><\/li><\/ul><p><span style=\"font-weight: 400;\">El SEO \u00e9s un proc\u00e9s continu i en curs, ja que els algorismes dels motors de cerca evolucionen constantment. Supervisem el rendiment del lloc web, rastrejant els r\u00e0nquings de paraules clau, analitzant el comportament de l&#8217;usuari i adaptant les estrat\u00e8gies en conseq\u00fc\u00e8ncia per a mantenir o millorar la visibilitat en les cerques i el tr\u00e0nsit org\u00e0nic.<\/span><\/p><p><span style=\"font-weight: 400;\">Practicar el SEO de manera efectiva pot augmentar el tr\u00e0nsit org\u00e0nic, oferir una major visibilitat de la marca, taxes de conversi\u00f3 m\u00e9s altes i, en \u00faltima inst\u00e0ncia, un creixement del negoci.<\/span><\/p><p>\u00a0<\/p>\t\t\t\t\t\t\t\t<\/div>\n\t\t\t\t<\/div>\n\t\t\t\t\t<\/div>\n\t\t<\/div>\n\t\t\t\t\t<\/div>\n\t\t<\/section>\n\t\t\t\t<section class=\"elementor-section elementor-top-section elementor-element elementor-element-f057a59 elementor-section-full_width elementor-section-height-default elementor-section-height-default\" data-id=\"f057a59\" data-element_type=\"section\" data-e-type=\"section\">\n\t\t\t\t\t\t<div class=\"elementor-container elementor-column-gap-no\">\n\t\t\t\t\t<div class=\"elementor-column elementor-col-100 elementor-top-column elementor-element elementor-element-16dea10\" data-id=\"16dea10\" data-element_type=\"column\" data-e-type=\"column\">\n\t\t\t<div class=\"elementor-widget-wrap elementor-element-populated\">\n\t\t\t\t\t\t<div class=\"elementor-element elementor-element-bf3e64b elementor-widget elementor-widget-tp-cta\" data-id=\"bf3e64b\" data-element_type=\"widget\" data-e-type=\"widget\" data-widget_type=\"tp-cta.default\">\n\t\t\t\t<div class=\"elementor-widget-container\">\n\t\t\t\t\t\r\n\t\t\r\n         <!-- cta area start -->\r\n         <section class=\"cta__area cta__style-2 p-relative z-index-1 tp-el-section\">\r\n\r\n                        <div class=\"cta__half-bg\"><\/div>\r\n            \r\n            <div class=\"container\">\r\n               <div class=\"cta__inner-5 tp-el-box cta-blue-bg\">\r\n\r\n                                                       <div class=\"cta__shape-bg include-bg\" data-background=\"https:\/\/mindyourgap.com\/wp-content\/uploads\/2022\/12\/cta-bg.png\"><\/div>\r\n                                                     <div class=\"row align-items-center\">\r\n                     <div class=\"col-xxl-8 col-xl-8 col-lg-8\">\r\n\r\n                        <div class=\"cta__content-5 tp-el-content\">\r\n\r\n                                                       <span class=\"section__title-pre-5 tp-el-subtitle\">Per a m\u00e9s detalls<\/span>\r\n                            \r\n                           <h2 class=\"cta__title-5 tp-el-title\">Descobriu-ho<\/h2>\r\n                            \r\n                        <\/div>\r\n                     <\/div>\r\n\r\n                     <div class=\"col-xxl-4 col-xl-4 col-lg-4\">\r\n                                             <div class=\"cta__btn-5 text-lg-end\">\r\n                           <a class=\"tp-btn-orange-2 tp-el-box-btn\" target=\"_blank\" rel=\"nofollow\" href=\"https:\/\/mindyourgap.com\/ca\/contact-us\/\">Comen\u00e7ar<\/a>\r\n                        <\/div>\r\n                                             <\/div>                  \r\n                  <\/div>\r\n               <\/div>\r\n            <\/div>\r\n         <\/section>\r\n         <!-- cta area end -->\r\n\r\n         \r\n        \t\t\t\t<\/div>\n\t\t\t\t<\/div>\n\t\t\t\t\t<\/div>\n\t\t<\/div>\n\t\t\t\t\t<\/div>\n\t\t<\/section>\n\t\t\t\t<\/div>\n\t\t","protected":false},"excerpt":{"rendered":"<p>SEO Millorem la visibilitat als resultats de cerca El SEO, o Posicionament en Motors de Cerca, \u00e9s la pr\u00e0ctica de millorar la visibilitat i el r\u00e0nquing org\u00e0nic (no pagat) d\u2019un lloc web en els motors de cerca. Involucra diverses t\u00e8cniques i estrat\u00e8gies amb l\u2019objectiu d\u2019optimitzar el contingut, l\u2019estructura i altres elements d\u2019un lloc web per [&hellip;]<\/p>\n","protected":false},"author":2,"featured_media":0,"parent":0,"menu_order":0,"comment_status":"closed","ping_status":"closed","template":"elementor_header_footer","meta":{"_acf_changed":false,"footnotes":""},"class_list":["post-9274","page","type-page","status-publish","hentry"],"acf":[],"_links":{"self":[{"href":"https:\/\/mindyourgap.com\/ca\/wp-json\/wp\/v2\/pages\/9274","targetHints":{"allow":["GET"]}}],"collection":[{"href":"https:\/\/mindyourgap.com\/ca\/wp-json\/wp\/v2\/pages"}],"about":[{"href":"https:\/\/mindyourgap.com\/ca\/wp-json\/wp\/v2\/types\/page"}],"author":[{"embeddable":true,"href":"https:\/\/mindyourgap.com\/ca\/wp-json\/wp\/v2\/users\/2"}],"replies":[{"embeddable":true,"href":"https:\/\/mindyourgap.com\/ca\/wp-json\/wp\/v2\/comments?post=9274"}],"version-history":[{"count":5,"href":"https:\/\/mindyourgap.com\/ca\/wp-json\/wp\/v2\/pages\/9274\/revisions"}],"predecessor-version":[{"id":13115,"href":"https:\/\/mindyourgap.com\/ca\/wp-json\/wp\/v2\/pages\/9274\/revisions\/13115"}],"wp:attachment":[{"href":"https:\/\/mindyourgap.com\/ca\/wp-json\/wp\/v2\/media?parent=9274"}],"curies":[{"name":"wp","href":"https:\/\/api.w.org\/{rel}","templated":true}]}}