{"id":8712,"date":"2023-05-18T11:50:07","date_gmt":"2023-05-18T11:50:07","guid":{"rendered":"https:\/\/devwp.websiteserverhost.biz\/mindyourgap\/cookies\/"},"modified":"2023-09-11T06:39:42","modified_gmt":"2023-09-11T06:39:42","slug":"cookies","status":"publish","type":"page","link":"https:\/\/mindyourgap.com\/ca\/cookies\/","title":{"rendered":"Cookies"},"content":{"rendered":"\t\t<div data-elementor-type=\"wp-page\" data-elementor-id=\"8712\" class=\"elementor elementor-8712 elementor-8704\" data-elementor-post-type=\"page\">\n\t\t\t\t\t\t<section class=\"elementor-section elementor-top-section elementor-element elementor-element-99c0928 elementor-section-boxed elementor-section-height-default elementor-section-height-default\" data-id=\"99c0928\" data-element_type=\"section\" data-e-type=\"section\">\n\t\t\t\t\t\t<div class=\"elementor-container elementor-column-gap-default\">\n\t\t\t\t\t<div class=\"elementor-column elementor-col-100 elementor-top-column elementor-element elementor-element-7f08ee5\" data-id=\"7f08ee5\" data-element_type=\"column\" data-e-type=\"column\">\n\t\t\t<div class=\"elementor-widget-wrap elementor-element-populated\">\n\t\t\t\t\t\t<div class=\"elementor-element elementor-element-b43d3a2 elementor-widget elementor-widget-text-editor\" data-id=\"b43d3a2\" data-element_type=\"widget\" data-e-type=\"widget\" data-widget_type=\"text-editor.default\">\n\t\t\t\t<div class=\"elementor-widget-container\">\n\t\t\t\t\t\t\t\t\t<p>Una\u00a0Cookie\u00a0\u00e9s un fitxer que es descarrega en el seu ordinador en accedir a determinades p\u00e0gines web.<br \/><br \/>Les cookies permeten que una p\u00e0gina web, entre altres coses, emmagatzemi i recuperi informaci\u00f3 sobre els h\u00e0bits de navegaci\u00f3 d&#8217;un usuari o del seu equip i, segons la informaci\u00f3 que contingui i la forma en qu\u00e8 utilitzi el seu equip, poden utilitzar-se per a recon\u00e8ixer a usuari.<br \/><br \/>Les cookies s\u00f3n essencials per al funcionament d&#8217;Internet, aportant innombrables avantatges en la prestaci\u00f3 de serveis interactius, facilitant-li la navegaci\u00f3 i usabilitat de la nostra web.<br \/><br \/>La informaci\u00f3 que li proporcionem a continuaci\u00f3 l&#8217;ajudar\u00e0 a comprendre els diferents tipus de cookies:<\/p>\t\t\t\t\t\t\t\t<\/div>\n\t\t\t\t<\/div>\n\t\t\t\t\t<\/div>\n\t\t<\/div>\n\t\t\t\t\t<\/div>\n\t\t<\/section>\n\t\t\t\t<section class=\"elementor-section elementor-top-section elementor-element elementor-element-160ff12 elementor-section-boxed elementor-section-height-default elementor-section-height-default\" data-id=\"160ff12\" data-element_type=\"section\" data-e-type=\"section\">\n\t\t\t\t\t\t<div class=\"elementor-container elementor-column-gap-default\">\n\t\t\t\t\t<div class=\"elementor-column elementor-col-100 elementor-top-column elementor-element elementor-element-1272d6c\" data-id=\"1272d6c\" data-element_type=\"column\" data-e-type=\"column\">\n\t\t\t<div class=\"elementor-widget-wrap elementor-element-populated\">\n\t\t\t\t\t\t\t<\/div>\n\t\t<\/div>\n\t\t\t\t\t<\/div>\n\t\t<\/section>\n\t\t\t\t<section class=\"elementor-section elementor-top-section elementor-element elementor-element-6fcd540 elementor-section-boxed elementor-section-height-default elementor-section-height-default\" data-id=\"6fcd540\" data-element_type=\"section\" data-e-type=\"section\">\n\t\t\t\t\t\t<div class=\"elementor-container elementor-column-gap-default\">\n\t\t\t\t\t<div class=\"elementor-column elementor-col-100 elementor-top-column elementor-element elementor-element-8fa20b8\" data-id=\"8fa20b8\" data-element_type=\"column\" data-e-type=\"column\">\n\t\t\t<div class=\"elementor-widget-wrap elementor-element-populated\">\n\t\t\t\t\t\t<div class=\"elementor-element elementor-element-a55a394 elementor-widget elementor-widget-image\" data-id=\"a55a394\" data-element_type=\"widget\" data-e-type=\"widget\" data-widget_type=\"image.default\">\n\t\t\t\t<div class=\"elementor-widget-container\">\n\t\t\t\t\t\t\t\t\t\t\t\t\t\t\t<img fetchpriority=\"high\" decoding=\"async\" width=\"640\" height=\"674\" src=\"https:\/\/mindyourgap.com\/wp-content\/uploads\/2023\/05\/cookies01.png\" class=\"attachment-large size-large wp-image-8725\" alt=\"\" \/>\t\t\t\t\t\t\t\t\t\t\t\t\t\t\t<\/div>\n\t\t\t\t<\/div>\n\t\t\t\t\t<\/div>\n\t\t<\/div>\n\t\t\t\t\t<\/div>\n\t\t<\/section>\n\t\t\t\t<section class=\"elementor-section elementor-top-section elementor-element elementor-element-29e8f9c elementor-section-boxed elementor-section-height-default elementor-section-height-default\" data-id=\"29e8f9c\" data-element_type=\"section\" data-e-type=\"section\">\n\t\t\t\t\t\t<div class=\"elementor-container elementor-column-gap-default\">\n\t\t\t\t\t<div class=\"elementor-column elementor-col-100 elementor-top-column elementor-element elementor-element-811cd6c\" data-id=\"811cd6c\" data-element_type=\"column\" data-e-type=\"column\">\n\t\t\t<div class=\"elementor-widget-wrap elementor-element-populated\">\n\t\t\t\t\t\t<div class=\"elementor-element elementor-element-f73d22f elementor-widget elementor-widget-image\" data-id=\"f73d22f\" data-element_type=\"widget\" data-e-type=\"widget\" data-widget_type=\"image.default\">\n\t\t\t\t<div class=\"elementor-widget-container\">\n\t\t\t\t\t\t\t\t\t\t\t\t\t\t\t<img decoding=\"async\" width=\"640\" height=\"338\" data-src=\"https:\/\/mindyourgap.com\/wp-content\/uploads\/2023\/05\/cookies02.png\" class=\"attachment-large size-large wp-image-8728 lazyload\" alt=\"\" src=\"data:image\/svg+xml;base64,PHN2ZyB3aWR0aD0iMSIgaGVpZ2h0PSIxIiB4bWxucz0iaHR0cDovL3d3dy53My5vcmcvMjAwMC9zdmciPjwvc3ZnPg==\" style=\"--smush-placeholder-width: 640px; --smush-placeholder-aspect-ratio: 640\/338;\" \/>\t\t\t\t\t\t\t\t\t\t\t\t\t\t\t<\/div>\n\t\t\t\t<\/div>\n\t\t\t\t\t<\/div>\n\t\t<\/div>\n\t\t\t\t\t<\/div>\n\t\t<\/section>\n\t\t\t\t<section class=\"elementor-section elementor-top-section elementor-element elementor-element-de4450a elementor-section-boxed elementor-section-height-default elementor-section-height-default\" data-id=\"de4450a\" data-element_type=\"section\" data-e-type=\"section\">\n\t\t\t\t\t\t<div class=\"elementor-container elementor-column-gap-default\">\n\t\t\t\t\t<div class=\"elementor-column elementor-col-100 elementor-top-column elementor-element elementor-element-d91e7b0\" data-id=\"d91e7b0\" data-element_type=\"column\" data-e-type=\"column\">\n\t\t\t<div class=\"elementor-widget-wrap elementor-element-populated\">\n\t\t\t\t\t\t<div class=\"elementor-element elementor-element-e8c8709 elementor-widget elementor-widget-text-editor\" data-id=\"e8c8709\" data-element_type=\"widget\" data-e-type=\"widget\" data-widget_type=\"text-editor.default\">\n\t\t\t\t<div class=\"elementor-widget-container\">\n\t\t\t\t\t\t\t\t\t<p>Google\u00a0Analytics: Emmagatzema cookies per a poder elaborar estad\u00edstiques sobre el tr\u00e0nsit i volum de visites d&#8217;aquest lloc web. En utilitzar aquest lloc web vost\u00e8 est\u00e0 consentint el tractament d&#8217;informaci\u00f3 sobre vost\u00e8 per part de Google. Per tant, l&#8217;exercici de qualsevol dret en aquest sentit haur\u00e0 de fer-lo comunicant directament amb Google. Les cookies de Google\u00a0Analytics\u00a0s&#8217;emmagatzemen en servidors situats als Estats Units i vost\u00e8 es compromet a no compartir-la amb tercers, excepte en els casos en qu\u00e8 sigui necessari per al funcionament del sistema o quan la llei aix\u00ed ho obligui. Segons Google, no emmagatzema la seva adre\u00e7a IP. Google Inc. \u00e9s una empresa adherida a \u201cPrivacy\u00a0Shield\u201d\u00a0(escut de privacitat) que garanteix que totes les dades transferides seran tractats amb un nivell de protecci\u00f3 concorde a la normativa europea.<br \/><br \/>Si ho desitja, pot utilitzar el Complement d&#8217;inhabilitaci\u00f3 per a navegadors de Google\u00a0Analytics\u00a0mitjan\u00e7ant les instruccions dels quals pot rebutjar les cookies anal\u00edtiques d&#8217;aquest servei en tots els navegadors. Pot consultar m\u00e9s informaci\u00f3 sobre aquest tema en el seg\u00fcent enlla\u00e7: https:\/\/tools.google.com\/dlpage\/gaoptout<br \/><br \/>Aix\u00ed mateix,\u00a0MIND\u00a0YOUR\u00a0GAP\u00a0STUDIO\u00a0SL informa l&#8217;usuari que t\u00e9 la possibilitat de configurar el seu navegador de manera que sigui informat de la recepci\u00f3 de cookies, podent, si ho desitja, impedir que siguin instal\u00b7lades en el seu disc dur.<br \/>A continuaci\u00f3 li proporcionem els enlla\u00e7os de diversos navegadors, a trav\u00e9s dels quals podr\u00e0 realitzar aquesta configuraci\u00f3:<br \/><br \/>Firefox des d&#8217;aqu\u00ed: https:\/\/support.mozilla.org\/es\/kb\/habilitar-y-deshabilitar-cookies-que-los-sitios web<br \/>Chrome des d&#8217;aqu\u00ed: http:\/\/windows.microsoft.com\/es-es\/internet-explorer\/delete-manage-cookies#ie=*ie-10<br \/>Safari des d&#8217;aqu\u00ed: https:\/\/support.apple.com\/kb\/ph17191?locale=es_es<br \/>Opera des d&#8217;aqu\u00ed: http:\/\/help.opera.com\/windows\/11.50\/es-es\/cookies.html<\/p>\t\t\t\t\t\t\t\t<\/div>\n\t\t\t\t<\/div>\n\t\t\t\t\t<\/div>\n\t\t<\/div>\n\t\t\t\t\t<\/div>\n\t\t<\/section>\n\t\t\t\t<\/div>\n\t\t","protected":false},"excerpt":{"rendered":"<p>Una\u00a0Cookie\u00a0\u00e9s un fitxer que es descarrega en el seu ordinador en accedir a determinades p\u00e0gines web. Les cookies permeten que una p\u00e0gina web, entre altres coses, emmagatzemi i recuperi informaci\u00f3 sobre els h\u00e0bits de navegaci\u00f3 d&#8217;un usuari o del seu equip i, segons la informaci\u00f3 que contingui i la forma en qu\u00e8 utilitzi el seu [&hellip;]<\/p>\n","protected":false},"author":2,"featured_media":0,"parent":0,"menu_order":0,"comment_status":"closed","ping_status":"closed","template":"","meta":{"_acf_changed":false,"footnotes":""},"class_list":["post-8712","page","type-page","status-publish","hentry"],"acf":[],"_links":{"self":[{"href":"https:\/\/mindyourgap.com\/ca\/wp-json\/wp\/v2\/pages\/8712","targetHints":{"allow":["GET"]}}],"collection":[{"href":"https:\/\/mindyourgap.com\/ca\/wp-json\/wp\/v2\/pages"}],"about":[{"href":"https:\/\/mindyourgap.com\/ca\/wp-json\/wp\/v2\/types\/page"}],"author":[{"embeddable":true,"href":"https:\/\/mindyourgap.com\/ca\/wp-json\/wp\/v2\/users\/2"}],"replies":[{"embeddable":true,"href":"https:\/\/mindyourgap.com\/ca\/wp-json\/wp\/v2\/comments?post=8712"}],"version-history":[{"count":5,"href":"https:\/\/mindyourgap.com\/ca\/wp-json\/wp\/v2\/pages\/8712\/revisions"}],"predecessor-version":[{"id":10975,"href":"https:\/\/mindyourgap.com\/ca\/wp-json\/wp\/v2\/pages\/8712\/revisions\/10975"}],"wp:attachment":[{"href":"https:\/\/mindyourgap.com\/ca\/wp-json\/wp\/v2\/media?parent=8712"}],"curies":[{"name":"wp","href":"https:\/\/api.w.org\/{rel}","templated":true}]}}