{"id":7370,"date":"2023-04-21T07:46:50","date_gmt":"2023-04-21T05:46:50","guid":{"rendered":"https:\/\/devwp.websiteserverhost.biz\/mindyourgap\/wordpress-optimization\/"},"modified":"2025-08-08T19:24:51","modified_gmt":"2025-08-08T17:24:51","slug":"wordpress-optimization","status":"publish","type":"page","link":"https:\/\/mindyourgap.com\/ca\/wordpress-optimization\/","title":{"rendered":"Optimitzaci\u00f3 WordPress"},"content":{"rendered":"\t\t<div data-elementor-type=\"wp-page\" data-elementor-id=\"7370\" class=\"elementor elementor-7370 elementor-7351\" data-elementor-post-type=\"page\">\n\t\t\t\t\t\t<section class=\"elementor-section elementor-top-section elementor-element elementor-element-8cdd874 elementor-section-full_width elementor-section-height-default elementor-section-height-default\" data-id=\"8cdd874\" data-element_type=\"section\" data-e-type=\"section\">\n\t\t\t\t\t\t<div class=\"elementor-container elementor-column-gap-no\">\n\t\t\t\t\t<div class=\"elementor-column elementor-col-100 elementor-top-column elementor-element elementor-element-ee68bd0\" data-id=\"ee68bd0\" data-element_type=\"column\" data-e-type=\"column\">\n\t\t\t<div class=\"elementor-widget-wrap elementor-element-populated\">\n\t\t\t\t\t\t<div class=\"elementor-element elementor-element-0daa5ed elementor-widget elementor-widget-tp-heading-2\" data-id=\"0daa5ed\" data-element_type=\"widget\" data-e-type=\"widget\" data-widget_type=\"tp-heading-2.default\">\n\t\t\t\t<div class=\"elementor-widget-container\">\n\t\t\t\t\t\r\n\t\t\r\n\r\n         <!-- contact area start -->\r\n         <section class=\"tp-section-area p-relative z-index-1 tp-section-spacing tp-el-section\">\r\n            <div class=\"tp-section-bg include-bg\" data-background=\"https:\/\/mindyourgap.com\/wp-content\/uploads\/2023\/06\/contact-bg.png\"><\/div>\r\n            <div class=\"container\">\r\n               <div class=\"row justify-content-center\">\r\n                  <div class=\"col-xl-8 col-lg-8\">\r\n                     <div class=\"tp-section-wrapper-2 text-center tp-el-content\">\r\n\r\n\t\t\t\t\t\t\t\t\t\t\t\t<span class=\"faq__title-pre tp-el-subtitle\">\r\n\t\t\t\t\t\t\tOptimitzaci\u00f3 WordPress\t\t\t\t\t\t<\/span>\r\n\t\t\t\t\t\t\t\t\t\t\t\t\r\n\t\t\t\t\t\t<h2 class=\"tp-section-title-2 font-70 tp-el-title\">Accelerem el teu WordPress i el portem al seg\u00fcent nivell<\/h2>\r\n\t\t\t\t\t\t\r\n                     <\/div>\r\n                  <\/div>\r\n               <\/div>\r\n            <\/div>\r\n         <\/section>\r\n         <!-- contact area end -->\r\n\r\n         \r\n        \t\t\t\t<\/div>\n\t\t\t\t<\/div>\n\t\t\t\t\t<\/div>\n\t\t<\/div>\n\t\t\t\t\t<\/div>\n\t\t<\/section>\n\t\t\t\t<section class=\"elementor-section elementor-top-section elementor-element elementor-element-a22e942 elementor-section-boxed elementor-section-height-default elementor-section-height-default\" data-id=\"a22e942\" data-element_type=\"section\" data-e-type=\"section\">\n\t\t\t\t\t\t<div class=\"elementor-container elementor-column-gap-custom\">\n\t\t\t\t\t<div class=\"elementor-column elementor-col-100 elementor-top-column elementor-element elementor-element-4c58a1d\" data-id=\"4c58a1d\" data-element_type=\"column\" data-e-type=\"column\">\n\t\t\t<div class=\"elementor-widget-wrap elementor-element-populated\">\n\t\t\t\t\t\t<div class=\"elementor-element elementor-element-adc76c8 elementor-widget elementor-widget-text-editor\" data-id=\"adc76c8\" data-element_type=\"widget\" data-e-type=\"widget\" data-widget_type=\"text-editor.default\">\n\t\t\t\t<div class=\"elementor-widget-container\">\n\t\t\t\t\t\t\t\t\t<h2><span style=\"font-weight: 400;\">L&#8217;optimitzaci\u00f3 de WordPress \u00e9s un proc\u00e9s que s&#8217;enfoca a millorar la velocitat, el rendiment i la seguretat d&#8217;un lloc web creat a la plataforma de WordPress.<\/span><\/h2>\t\t\t\t\t\t\t\t<\/div>\n\t\t\t\t<\/div>\n\t\t\t\t\t<\/div>\n\t\t<\/div>\n\t\t\t\t\t<\/div>\n\t\t<\/section>\n\t\t\t\t<section class=\"elementor-section elementor-top-section elementor-element elementor-element-3e8a1e8 elementor-section-boxed elementor-section-height-default elementor-section-height-default\" data-id=\"3e8a1e8\" data-element_type=\"section\" data-e-type=\"section\">\n\t\t\t\t\t\t<div class=\"elementor-container elementor-column-gap-default\">\n\t\t\t\t\t<div class=\"elementor-column elementor-col-100 elementor-top-column elementor-element elementor-element-828747e\" data-id=\"828747e\" data-element_type=\"column\" data-e-type=\"column\">\n\t\t\t<div class=\"elementor-widget-wrap elementor-element-populated\">\n\t\t\t\t\t\t<div class=\"elementor-element elementor-element-1e222a1 elementor-widget elementor-widget-tp-faq\" data-id=\"1e222a1\" data-element_type=\"widget\" data-e-type=\"widget\" data-widget_type=\"tp-faq.default\">\n\t\t\t\t<div class=\"elementor-widget-container\">\n\t\t\t\t\t\r\n\r\n\t\t\r\n\t\t<div class=\"tp-accordion-style faq__style-3 tp-el-section\">\r\n\t\t\t<div class=\"faq__tab-content tp-accordion\">\r\n\t\t\t\t<div class=\"accordion\" id=\"general_accordion-1e222a1\">\r\n\t\t\t\t\t\t\t\t\t\t<div class=\"accordion-item tp-el-box\">\r\n\t\t\t\t\t\t<h2 class=\"accordion-header\" id=\"headingOne-0\">\r\n\t\t\t\t\t\t\t<button class=\"accordion-button tp-el-box-title \" type=\"button\" data-bs-toggle=\"collapse\" data-bs-target=\"#collapseOne-0\" aria-expanded=\"true\" aria-controls=\"collapseOne-0\">\r\n\t\t\t\t\t\t\tPer qu\u00e8 \u00e9s tan important la velocitat de c\u00e0rrega de la teva web?&nbsp;\t\t\t\t\t\t\t<\/button>\r\n\t\t\t\t\t\t<\/h2>\r\n\t\t\t\t\t\t<div id=\"collapseOne-0\" class=\"accordion-collapse collapse show\" aria-labelledby=\"headingOne-0\" data-bs-parent=\"#general_accordion-1e222a1\">\r\n\t\t\t\t\t\t\t<div class=\"accordion-body\">\r\n\t\t\t\t\t\t\t\t<p class=\"tp-el-box-desc\"><b>Millora lexperi\u00e8ncia de lusuari:<\/b> Els usuaris volen accedir a la informaci\u00f3 de manera r\u00e0pida i f\u00e0cil. Si un lloc web triga massa a carregar, els visitants poden perdre inter\u00e8s i abandonar la p\u00e0gina. Una p\u00e0gina r\u00e0pida i f\u00e0cil dusar millora lexperi\u00e8ncia de lusuari, el que al seu torn pot augmentar la taxa de conversi\u00f3 i millorar la reputaci\u00f3 del lloc web. <br \/><br \/>\n\n\n<b>Millora el posicionament als motors de cerca:<\/b> Google i altres motors de cerca consideren la velocitat de c\u00e0rrega com un dels factors de classificaci\u00f3 en els seus algorismes. Si un lloc web carrega lentament, \u00e9s menys probable que aparegui a les primeres posicions dels resultats de cerca, el que pot disminuir el tr\u00e0nsit i la visibilitat del lloc.<br \/><br \/>\n\n\n<b>Redueix la taxa de rebot:<\/b> La taxa de rebot fa refer\u00e8ncia al percentatge de visitants que abandonen un lloc web despr\u00e9s de veure nom\u00e9s una p\u00e0gina. Si un lloc web triga massa a carregar, els visitants poden abandonar la p\u00e0gina abans que es carregui completament. Aix\u00f2 augmenta la taxa de rebot, cosa que pot afectar negativament el rendiment general del lloc web.<br \/><br \/>\n\n\n<b>Augmenta la conversi\u00f3:<\/b> La velocitat de c\u00e0rrega r\u00e0pida pot millorar lexperi\u00e8ncia de lusuari i augmentar la confian\u00e7a en el lloc web. Aix\u00f2 pot augmentar la taxa de conversi\u00f3 i generar m\u00e9s ingressos per al lloc. <\/p>\r\n\t\t\t\t\t\t\t<\/div>\r\n\t\t\t\t\t\t<\/div>\r\n\t\t\t\t\t<\/div>\r\n\t\t\t\t\t\t\t\t\t\t<div class=\"accordion-item tp-el-box\">\r\n\t\t\t\t\t\t<h2 class=\"accordion-header\" id=\"headingOne-1\">\r\n\t\t\t\t\t\t\t<button class=\"accordion-button tp-el-box-title collapsed\" type=\"button\" data-bs-toggle=\"collapse\" data-bs-target=\"#collapseOne-1\" aria-expanded=\"false\" aria-controls=\"collapseOne-1\">\r\n\t\t\t\t\t\t\tPrincipals motius que poden afectar la velocitat del vostre lloc.\t\t\t\t\t\t\t<\/button>\r\n\t\t\t\t\t\t<\/h2>\r\n\t\t\t\t\t\t<div id=\"collapseOne-1\" class=\"accordion-collapse collapse \" aria-labelledby=\"headingOne-1\" data-bs-parent=\"#general_accordion-1e222a1\">\r\n\t\t\t\t\t\t\t<div class=\"accordion-body\">\r\n\t\t\t\t\t\t\t\t<p class=\"tp-el-box-desc\"><b>Un tema poc optimitzat o pesat: <\/b> Els temes de WordPress poden tenir un gran impacte a la velocitat i el rendiment del lloc. \u00c9s important triar un tema optimitzat i lleuger per assegurar-se que el lloc web es carregui r\u00e0pidament.<br \/><br \/>\n\n<b>Exc\u00e9s d\u2019extensions: <\/b> Les extensions poden afegir moltes funcionalitats i caracter\u00edstiques a un lloc de WordPress, per\u00f2 tamb\u00e9 poden afectar negativament el seu rendiment. \u00c9s important utilitzar nom\u00e9s les essencials i evitar instal\u00b7lar aquelles que no s\u00f3n necessaries.<br \/><br \/>\n\n<b>Core y plugins desactualitzats: <\/b> Mantenir actualitzat WordPress i els plugins instal\u00b7lats \u00e9s important per garantir un bon rendiment i seguretat del lloc web.<br \/><br \/>\n\n<b>Optimitzaci\u00f3 de les imatges: <\/b> Les imatges grans i no optimitzades poden alentir un lloc web. \u00c9s important optimitzar les imatges abans de pujar-les al lloc, utilitzant un connector o eina de compressi\u00f3 d'imatges.<br \/><br \/>\n\n\n<b>Allotjament web: <\/b> L'elecci\u00f3 d'un bon servei de hosting \u00e9s imprescindible perqu\u00e8 el vostre projecte funcioni de forma fluida.<br \/><br \/><\/p>\r\n\t\t\t\t\t\t\t<\/div>\r\n\t\t\t\t\t\t<\/div>\r\n\t\t\t\t\t<\/div>\r\n\t\t\t\t\t\t\t\t\t\t<div class=\"accordion-item tp-el-box\">\r\n\t\t\t\t\t\t<h2 class=\"accordion-header\" id=\"headingOne-2\">\r\n\t\t\t\t\t\t\t<button class=\"accordion-button tp-el-box-title collapsed\" type=\"button\" data-bs-toggle=\"collapse\" data-bs-target=\"#collapseOne-2\" aria-expanded=\"false\" aria-controls=\"collapseOne-2\">\r\n\t\t\t\t\t\t\tQu\u00e8 t\u2019oferim?&nbsp; \t\t\t\t\t\t\t<\/button>\r\n\t\t\t\t\t\t<\/h2>\r\n\t\t\t\t\t\t<div id=\"collapseOne-2\" class=\"accordion-collapse collapse \" aria-labelledby=\"headingOne-2\" data-bs-parent=\"#general_accordion-1e222a1\">\r\n\t\t\t\t\t\t\t<div class=\"accordion-body\">\r\n\t\t\t\t\t\t\t\t<p class=\"tp-el-box-desc\">Accelerar el lliurament de continguts del teu WordPress, millorant-ne el rendiment en general.<\/p>\r\n\t\t\t\t\t\t\t<\/div>\r\n\t\t\t\t\t\t<\/div>\r\n\t\t\t\t\t<\/div>\r\n\t\t\t\t\t\t\t\t\t\t<div class=\"accordion-item tp-el-box\">\r\n\t\t\t\t\t\t<h2 class=\"accordion-header\" id=\"headingOne-3\">\r\n\t\t\t\t\t\t\t<button class=\"accordion-button tp-el-box-title collapsed\" type=\"button\" data-bs-toggle=\"collapse\" data-bs-target=\"#collapseOne-3\" aria-expanded=\"false\" aria-controls=\"collapseOne-3\">\r\n\t\t\t\t\t\t\tConfigurem sistemes de mem\u00f2ria cau&nbsp; \t\t\t\t\t\t\t<\/button>\r\n\t\t\t\t\t\t<\/h2>\r\n\t\t\t\t\t\t<div id=\"collapseOne-3\" class=\"accordion-collapse collapse \" aria-labelledby=\"headingOne-3\" data-bs-parent=\"#general_accordion-1e222a1\">\r\n\t\t\t\t\t\t\t<div class=\"accordion-body\">\r\n\t\t\t\t\t\t\t\t<p class=\"tp-el-box-desc\">A m\u00e9s de la configuraci\u00f3 d'un connector de mem\u00f2ria cau de WordPress, hi ha diversos tipus de mem\u00f2ria cau de servidor que es poden utilitzar per millorar significativament la velocitat i el rendiment d'un lloc web de WordPress:<br \/><br \/>\n\n<b>Mem\u00f2ria cau de p\u00e0gina completa: <\/b> Aquest tipus de mem\u00f2ria cau emmagatzema la p\u00e0gina completa en mem\u00f2ria cau al servidor, cosa que significa que quan un usuari sol\u00b7licita la p\u00e0gina, el servidor pot lliurar la p\u00e0gina completa des de la mem\u00f2ria cau sense haver de generar-la de nou.<br \/><br \/>\n\n<b>Mem\u00f2ria cau de fragments de p\u00e0gina: <\/b> Aquest tipus de mem\u00f2ria cau emmagatzema nom\u00e9s els fragments de la p\u00e0gina que poden ser reutilitzats. Per exemple, els men\u00fas, les cap\u00e7aleres i peus de p\u00e0gina, o qualsevol altre component que sigui com\u00fa a m\u00faltiples p\u00e0gines del lloc web.<br \/><br \/>\n\n<b>Mem\u00f2ria cau d'objectes: <\/b> Aquest tipus de mem\u00f2ria cau emmagatzema objectes individuals, com ara imatges, fitxers CSS i JavaScript. Quan se sol\u00b7licita l'objecte, el servidor pot lliurar-lo des de la mem\u00f2ria cau en lloc d'haver de carregar-lo novament des del disc.<br \/><br \/>\n\n<b>Mem\u00f2ria cau de base de dades: <\/b> Aquest tipus de mem\u00f2ria cau emmagatzema els resultats de consultes de base de dades en mem\u00f2ria cau perqu\u00e8 puguin ser lliurats m\u00e9s r\u00e0pid la propera vegada que se sol\u00b7licitin.<br \/><br \/>\n\nCada tipus de mem\u00f2ria cau de servidor t\u00e9 els seus propis avantatges i desavantatges i pot ser \u00fatil per a diferents tipus d'aplicacions i llocs web. Per tant, analitzem i seleccionem el tipus de mem\u00f2ria cau que millor s'adapti a les necessitats del teu projecte.\n<\/p>\r\n\t\t\t\t\t\t\t<\/div>\r\n\t\t\t\t\t\t<\/div>\r\n\t\t\t\t\t<\/div>\r\n\t\t\t\t\t\t\t\t\t\t<div class=\"accordion-item tp-el-box\">\r\n\t\t\t\t\t\t<h2 class=\"accordion-header\" id=\"headingOne-4\">\r\n\t\t\t\t\t\t\t<button class=\"accordion-button tp-el-box-title collapsed\" type=\"button\" data-bs-toggle=\"collapse\" data-bs-target=\"#collapseOne-4\" aria-expanded=\"false\" aria-controls=\"collapseOne-4\">\r\n\t\t\t\t\t\t\tOptimitzem la base de dades&nbsp;\t\t\t\t\t\t\t<\/button>\r\n\t\t\t\t\t\t<\/h2>\r\n\t\t\t\t\t\t<div id=\"collapseOne-4\" class=\"accordion-collapse collapse \" aria-labelledby=\"headingOne-4\" data-bs-parent=\"#general_accordion-1e222a1\">\r\n\t\t\t\t\t\t\t<div class=\"accordion-body\">\r\n\t\t\t\t\t\t\t\t<p class=\"tp-el-box-desc\">Optimitzar la base de dades de WordPress \u00e9s una tasca important per millorar el rendiment del vostre lloc web i garantir el seu funcionament \u00f2ptim. Algunes de les accions que duem a terme:<br \/><br \/>\n\n<b>Neteja de base de dades:<\/b> utilitzem diversos plugins que ens permeten eliminar entrades de la base de dades que ja no s\u00f3n necess\u00e0ries, revisions antigues, comentaris de correu brossa, registres d'activitat i altres dades que s'acumulen a la teva base de dades.<br \/><br \/>\n\n\n<b>Desactivem plugins no utilitzats:<\/b> els plugins que no s'utilitzen poden deixar fitxers i dades no desitjades a la base de dades. Per tant, \u00e9s recomanable desactivar-los i eliminar-los.<br \/><br \/>\n\n\n<b>Optimitzar les taules de la base de dades:<\/b> L'optimitzaci\u00f3 de taules implica l'eliminaci\u00f3 de dades redundants i la reorganitzaci\u00f3 de dades perqu\u00e8 la base de dades funcioni de manera m\u00e9s eficient.<br \/><br \/>\n\n\n<b>Limitar la quantitat de revisions de publicacions:<\/b> WordPress desa autom\u00e0ticament les revisions de cada publicaci\u00f3 i p\u00e0gina que s'ha desat a la base de dades. Podem limitar la quantitat de revisions de publicacions per reduir la mida de la base de dades i millorar el rendiment del lloc.<br \/><br \/>\n\n\n<b>Netejar la taula de comentaris:<\/b> Els comentaris d'spam i no aprovats poden acumular-se a la taula de comentaris, cosa que augmenta la mida de la base de dades. Eliminem comentaris no desitjats utilitzant un connector de neteja de comentaris.<br \/><br \/><\/p>\r\n\t\t\t\t\t\t\t<\/div>\r\n\t\t\t\t\t\t<\/div>\r\n\t\t\t\t\t<\/div>\r\n\t\t\t\t\t\t\t\t\t\t<div class=\"accordion-item tp-el-box\">\r\n\t\t\t\t\t\t<h2 class=\"accordion-header\" id=\"headingOne-5\">\r\n\t\t\t\t\t\t\t<button class=\"accordion-button tp-el-box-title collapsed\" type=\"button\" data-bs-toggle=\"collapse\" data-bs-target=\"#collapseOne-5\" aria-expanded=\"false\" aria-controls=\"collapseOne-5\">\r\n\t\t\t\t\t\t\tOptimitzem les imatges&nbsp;\t\t\t\t\t\t\t<\/button>\r\n\t\t\t\t\t\t<\/h2>\r\n\t\t\t\t\t\t<div id=\"collapseOne-5\" class=\"accordion-collapse collapse \" aria-labelledby=\"headingOne-5\" data-bs-parent=\"#general_accordion-1e222a1\">\r\n\t\t\t\t\t\t\t<div class=\"accordion-body\">\r\n\t\t\t\t\t\t\t\t<p class=\"tp-el-box-desc\">L'optimitzaci\u00f3 d'imatges web \u00e9s important per millorar el rendiment del vostre lloc web. Apliquem diverses t\u00e8cniques per optimitzar les imatges, reduir el temps de c\u00e0rrega de la p\u00e0gina i millorar l'experi\u00e8ncia de l'usuari:<br \/><br \/>\n\n<b>Reduir la mida de les imatges:<\/b> La mida del fitxer d'una imatge pot afectar significativament el temps de c\u00e0rrega de la p\u00e0gina. \u00c9s important reduir la mida de les imatges al m\u00ednim necessari sense comprometre la qualitat de la imatge. Instal\u00b7lem i configurem un dels millors plugins d'optimitzaci\u00f3 del mercat.<br \/><br \/>\n\n\n<b>Escollir el format d'imatge adequat:<\/b> El format d'imatge que trieu tamb\u00e9 pot afectar la mida del fitxer. Per exemple, JPEG \u00e9s millor per a fotografies, mentre que PNG \u00e9s millor per a imatges amb \u00e0rees de transpar\u00e8ncia. El format WebP tamb\u00e9 \u00e9s una bona opci\u00f3, ja que ofereix una major compressi\u00f3 sense perdre qualitat. T'assessorem perqu\u00e8 les puguis aplicar en endavant.<br \/><br \/>\n\n\n<b>Optimitzar la qualitat de la imatge:<\/b> Ajustem la qualitat de les imatges segons cada cas. En reduir la qualitat de la imatge, reduirem la mida del fitxer, cosa que significa que la imatge es carregar\u00e0 m\u00e9s r\u00e0pid a la p\u00e0gina.<br \/><br \/>\n\n\n<b>Utilitzar t\u00e8cniques de compressi\u00f3:<\/b> La compressi\u00f3 d'imatges redueix la mida del fitxer d'una imatge sense afectar gaire la qualitat de la imatge. Instal\u00b7lem les nostres eines de compressi\u00f3 d'imatges.<br \/><br \/>\n\n\n<b>Utilitzar imatges responsives:<\/b> Les imatges responsives s'ajusten autom\u00e0ticament a la mida de la pantalla, cosa que significa que es poden carregar imatges m\u00e9s petites en dispositius m\u00f2bils sense comprometre la qualitat de la imatge. T'assessorem.<br \/><br \/><\/p>\r\n\t\t\t\t\t\t\t<\/div>\r\n\t\t\t\t\t\t<\/div>\r\n\t\t\t\t\t<\/div>\r\n\t\t\t\t\t\t\t\t\t\t<div class=\"accordion-item tp-el-box\">\r\n\t\t\t\t\t\t<h2 class=\"accordion-header\" id=\"headingOne-6\">\r\n\t\t\t\t\t\t\t<button class=\"accordion-button tp-el-box-title collapsed\" type=\"button\" data-bs-toggle=\"collapse\" data-bs-target=\"#collapseOne-6\" aria-expanded=\"false\" aria-controls=\"collapseOne-6\">\r\n\t\t\t\t\t\t\tAllotjament web i CDN&nbsp;\t\t\t\t\t\t\t<\/button>\r\n\t\t\t\t\t\t<\/h2>\r\n\t\t\t\t\t\t<div id=\"collapseOne-6\" class=\"accordion-collapse collapse \" aria-labelledby=\"headingOne-6\" data-bs-parent=\"#general_accordion-1e222a1\">\r\n\t\t\t\t\t\t\t<div class=\"accordion-body\">\r\n\t\t\t\t\t\t\t\t<p class=\"tp-el-box-desc\">L\u2019allotjament web i CDN (Xarxa de Distribuci\u00f3 de Contingut) s\u00f3n dos elements importants en el lliurament de contingut en l\u00ednia. Aconseguir que treballin junts millorar\u00e0 notablement el rendiment del vostre lloc web:<br \/><br \/>\n\n<b>Allotjament web:<\/b> Analitzem la teva soluci\u00f3 actual, la comparem entre les solucions dels nostres prove\u00efdors de confian\u00e7a i t'oferim la millor alternativa.<br \/><br \/>\n\n<b>CDN:<\/b> Una xarxa de distribuci\u00f3 de contingut (CDN) \u00e9s un servei que distribueix el contingut del vostre lloc web a trav\u00e9s d'una xarxa global de servidors. Quan alg\u00fa accedeix al vostre lloc web des de qualsevol part del m\u00f3n, el servidor CDN m\u00e9s proper s'encarrega de subministrar el contingut en lloc del servidor web principal. Aix\u00f2 redueix la c\u00e0rrega al servidor principal, millora lexperi\u00e8ncia de lusuari i el temps de c\u00e0rrega de les p\u00e0gines.<br \/><br \/>\n\nLa utilitzaci\u00f3 d'un CDN pot ajudar a millorar la velocitat i la disponibilitat del vostre lloc web, ja que els servidors CDN estan estrat\u00e8gicament ubicats a tot el m\u00f3n i poden subministrar contingut m\u00e9s r\u00e0pid que un servidor web centralitzat. A m\u00e9s, un CDN tamb\u00e9 pot reduir el cost de lample de banda i millorar lescalabilitat del teu lloc web. Configurem la soluci\u00f3 CDN que millor s'adapti a les vostres necessitats.<\/p>\r\n\t\t\t\t\t\t\t<\/div>\r\n\t\t\t\t\t\t<\/div>\r\n\t\t\t\t\t<\/div>\r\n\t\t\t\t\t\t\t\t\t\t<div class=\"accordion-item tp-el-box\">\r\n\t\t\t\t\t\t<h2 class=\"accordion-header\" id=\"headingOne-7\">\r\n\t\t\t\t\t\t\t<button class=\"accordion-button tp-el-box-title collapsed\" type=\"button\" data-bs-toggle=\"collapse\" data-bs-target=\"#collapseOne-7\" aria-expanded=\"false\" aria-controls=\"collapseOne-7\">\r\n\t\t\t\t\t\t\tSecuritzem el teu WordPress&nbsp;\t\t\t\t\t\t\t<\/button>\r\n\t\t\t\t\t\t<\/h2>\r\n\t\t\t\t\t\t<div id=\"collapseOne-7\" class=\"accordion-collapse collapse \" aria-labelledby=\"headingOne-7\" data-bs-parent=\"#general_accordion-1e222a1\">\r\n\t\t\t\t\t\t\t<div class=\"accordion-body\">\r\n\t\t\t\t\t\t\t\t<p class=\"tp-el-box-desc\">Securitzar WordPress \u00e9s una tasca important per mantenir el teu lloc web segur i protegit contra possibles atacs:<br \/><br \/>\n\n<b>Mantenim WordPress i els connectors actualitzats:<\/b> Mantenir WordPress i els seus connectors actualitzats \u00e9s fonamental per garantir la seguretat del teu lloc web. Les actualitzacions poden incloure pegats de seguretat importants que protegeixen el vostre lloc web de possibles vulnerabilitats.<br \/><br \/>\n\n\n<b>Contrasenyes segures:<\/b> Ens assegurem que utilitzeu contrasenyes segures i \u00faniques per a tots els usuaris del vostre lloc web de WordPress. Les contrasenyes segures han de ser llargues, incloure una combinaci\u00f3 de lletres, n\u00fameros i car\u00e0cters especials, i no han de ser f\u00e0cils d'endevinar.<br \/><br \/>\n\n\n<b>Limitem els intents dinici de sessi\u00f3:<\/b> Limitar els intents dinici de sessi\u00f3 pot protegir el teu lloc web contra atacs de for\u00e7a bruta.<br \/><br \/>\n\n\n<b>Forcem l\u00fas de HTTPS:<\/b> HTTPS \u00e9s una forma segura de transferir dades entre el teu lloc web i els visitants. Ens assegurem que tot el lloc funcioni sota aquest protocol i que disposeu d'un certificat SSL.<br \/><br \/>\n\n\n<b>Configurem un connector de seguretat:<\/b> Els connectors de seguretat poden ajudar a protegir el teu lloc web de WordPress de possibles atacs. T'instal\u00b7lem un dels millors plugins del mercat.<br \/><br \/>\n\n\n<b>Limitem l'acc\u00e9s al tauler d'administraci\u00f3:<\/b> Limitar l'acc\u00e9s al tauler d'administraci\u00f3 del vostre lloc web pot protegir-lo de possibles atacs. Oferim la URL per limitar l'acc\u00e9s al panell d'administraci\u00f3 nom\u00e9s a usuaris autoritzats i evitar atacs de for\u00e7a bruta.<br \/><br \/>\n\n\n<b>Realitzem c\u00f2pies de seguretat regularment:<\/b> Realitzar c\u00f2pies de seguretat regularment del teu lloc web de WordPress pot protegir-lo en cas que alguna cosa surti malament. Realitzem c\u00f2pies de seguretat di\u00e0ries amb 2 mesos de retenci\u00f3.<\/p>\r\n\t\t\t\t\t\t\t<\/div>\r\n\t\t\t\t\t\t<\/div>\r\n\t\t\t\t\t<\/div>\r\n\t\t\t\t\t\t\t\t\t<\/div>\r\n\t\t\t<\/div>\r\n\t\t<\/div>\r\n\r\n\t\t\r\n\t\t\t\t\t\t<\/div>\n\t\t\t\t<\/div>\n\t\t\t\t\t<\/div>\n\t\t<\/div>\n\t\t\t\t\t<\/div>\n\t\t<\/section>\n\t\t\t\t<section class=\"elementor-section elementor-top-section elementor-element elementor-element-620129b elementor-section-full_width elementor-section-height-default elementor-section-height-default\" data-id=\"620129b\" data-element_type=\"section\" data-e-type=\"section\">\n\t\t\t\t\t\t<div class=\"elementor-container elementor-column-gap-no\">\n\t\t\t\t\t<div class=\"elementor-column elementor-col-100 elementor-top-column elementor-element elementor-element-0613fc8\" data-id=\"0613fc8\" data-element_type=\"column\" data-e-type=\"column\">\n\t\t\t<div class=\"elementor-widget-wrap elementor-element-populated\">\n\t\t\t\t\t\t<div class=\"elementor-element elementor-element-adf3b9f elementor-widget elementor-widget-tp-cta\" data-id=\"adf3b9f\" data-element_type=\"widget\" data-e-type=\"widget\" data-widget_type=\"tp-cta.default\">\n\t\t\t\t<div class=\"elementor-widget-container\">\n\t\t\t\t\t\r\n\t\t\r\n         <!-- cta area start -->\r\n         <section class=\"cta__area cta__style-2 p-relative z-index-1 tp-el-section\">\r\n\r\n                        <div class=\"cta__half-bg\"><\/div>\r\n            \r\n            <div class=\"container\">\r\n               <div class=\"cta__inner-5 tp-el-box cta-blue-bg\">\r\n\r\n                                                       <div class=\"cta__shape-bg include-bg\" data-background=\"https:\/\/mindyourgap.com\/wp-content\/uploads\/2022\/12\/cta-bg.png\"><\/div>\r\n                                                     <div class=\"row align-items-center\">\r\n                     <div class=\"col-xxl-8 col-xl-8 col-lg-8\">\r\n\r\n                        <div class=\"cta__content-5 tp-el-content\">\r\n\r\n                                                       <span class=\"section__title-pre-5 tp-el-subtitle\">For More details<\/span>\r\n                            \r\n                           <h2 class=\"cta__title-5 tp-el-title\">Esbrina<\/h2>\r\n                            \r\n                        <\/div>\r\n                     <\/div>\r\n\r\n                     <div class=\"col-xxl-4 col-xl-4 col-lg-4\">\r\n                                             <div class=\"cta__btn-5 text-lg-end\">\r\n                           <a class=\"tp-btn-orange-2 tp-el-box-btn\" target=\"_blank\" rel=\"nofollow\" href=\"https:\/\/mindyourgap.com\/ca\/contact-us\/\">Comen\u00e7ar<\/a>\r\n                        <\/div>\r\n                                             <\/div>                  \r\n                  <\/div>\r\n               <\/div>\r\n            <\/div>\r\n         <\/section>\r\n         <!-- cta area end -->\r\n\r\n         \r\n        \t\t\t\t<\/div>\n\t\t\t\t<\/div>\n\t\t\t\t\t<\/div>\n\t\t<\/div>\n\t\t\t\t\t<\/div>\n\t\t<\/section>\n\t\t\t\t<\/div>\n\t\t","protected":false},"excerpt":{"rendered":"<p>Optimitzaci\u00f3 WordPress Accelerem el teu WordPress i el portem al seg\u00fcent nivell L&#8217;optimitzaci\u00f3 de WordPress \u00e9s un proc\u00e9s que s&#8217;enfoca a millorar la velocitat, el rendiment i la seguretat d&#8217;un lloc web creat a la plataforma de WordPress. Per qu\u00e8 \u00e9s tan important la velocitat de c\u00e0rrega de la teva web?\u00a0 Millora lexperi\u00e8ncia de lusuari: [&hellip;]<\/p>\n","protected":false},"author":2,"featured_media":0,"parent":0,"menu_order":0,"comment_status":"closed","ping_status":"closed","template":"elementor_header_footer","meta":{"_acf_changed":false,"footnotes":""},"class_list":["post-7370","page","type-page","status-publish","hentry"],"acf":[],"_links":{"self":[{"href":"https:\/\/mindyourgap.com\/ca\/wp-json\/wp\/v2\/pages\/7370","targetHints":{"allow":["GET"]}}],"collection":[{"href":"https:\/\/mindyourgap.com\/ca\/wp-json\/wp\/v2\/pages"}],"about":[{"href":"https:\/\/mindyourgap.com\/ca\/wp-json\/wp\/v2\/types\/page"}],"author":[{"embeddable":true,"href":"https:\/\/mindyourgap.com\/ca\/wp-json\/wp\/v2\/users\/2"}],"replies":[{"embeddable":true,"href":"https:\/\/mindyourgap.com\/ca\/wp-json\/wp\/v2\/comments?post=7370"}],"version-history":[{"count":5,"href":"https:\/\/mindyourgap.com\/ca\/wp-json\/wp\/v2\/pages\/7370\/revisions"}],"predecessor-version":[{"id":13101,"href":"https:\/\/mindyourgap.com\/ca\/wp-json\/wp\/v2\/pages\/7370\/revisions\/13101"}],"wp:attachment":[{"href":"https:\/\/mindyourgap.com\/ca\/wp-json\/wp\/v2\/media?parent=7370"}],"curies":[{"name":"wp","href":"https:\/\/api.w.org\/{rel}","templated":true}]}}