{"id":7248,"date":"2023-01-05T06:24:29","date_gmt":"2023-01-05T05:24:29","guid":{"rendered":"https:\/\/devwp.websiteserverhost.biz\/mindyourgap\/privacy-policy-2\/"},"modified":"2025-08-19T20:01:53","modified_gmt":"2025-08-19T18:01:53","slug":"politica-de-privacitat","status":"publish","type":"page","link":"https:\/\/mindyourgap.com\/ca\/politica-de-privacitat\/","title":{"rendered":"Pol\u00edtica de privacitat"},"content":{"rendered":"\t\t<div data-elementor-type=\"wp-page\" data-elementor-id=\"7248\" class=\"elementor elementor-7248 elementor-3254\" data-elementor-post-type=\"page\">\n\t\t\t\t\t\t<section class=\"elementor-section elementor-top-section elementor-element elementor-element-707177d elementor-section-full_width elementor-section-height-default elementor-section-height-default\" data-id=\"707177d\" data-element_type=\"section\" data-e-type=\"section\">\n\t\t\t\t\t\t<div class=\"elementor-container elementor-column-gap-no\">\n\t\t\t\t\t<div class=\"elementor-column elementor-col-100 elementor-top-column elementor-element elementor-element-98001d2\" data-id=\"98001d2\" data-element_type=\"column\" data-e-type=\"column\">\n\t\t\t<div class=\"elementor-widget-wrap elementor-element-populated\">\n\t\t\t\t\t\t<div class=\"elementor-element elementor-element-ff851d0 elementor-widget elementor-widget-tp-heading-2\" data-id=\"ff851d0\" data-element_type=\"widget\" data-e-type=\"widget\" data-widget_type=\"tp-heading-2.default\">\n\t\t\t\t<div class=\"elementor-widget-container\">\n\t\t\t\t\t\r\n\t\t\r\n\r\n         <!-- contact area start -->\r\n         <section class=\"tp-section-area p-relative z-index-1 tp-section-spacing tp-el-section\">\r\n            <div class=\"tp-section-bg include-bg\" data-background=\"https:\/\/mindyourgap.com\/wp-content\/uploads\/2023\/01\/contact-bg.png\"><\/div>\r\n            <div class=\"container\">\r\n               <div class=\"row justify-content-center\">\r\n                  <div class=\"col-xl-8 col-lg-8\">\r\n                     <div class=\"tp-section-wrapper-2 text-center tp-el-content\">\r\n\r\n\t\t\t\t\t\t\t\t\t\t\t\t\r\n\t\t\t\t\t\t<h2 class=\"tp-section-title-2 font-70 tp-el-title\">Pol\u00edtica de privacitat<\/h2>\r\n\t\t\t\t\t\t\r\n                     <\/div>\r\n                  <\/div>\r\n               <\/div>\r\n            <\/div>\r\n         <\/section>\r\n         <!-- contact area end -->\r\n\r\n         \r\n        \t\t\t\t<\/div>\n\t\t\t\t<\/div>\n\t\t\t\t\t<\/div>\n\t\t<\/div>\n\t\t\t\t\t<\/div>\n\t\t<\/section>\n\t\t\t\t<section class=\"elementor-section elementor-top-section elementor-element elementor-element-476af5f z-index-1 elementor-section-boxed elementor-section-height-default elementor-section-height-default\" data-id=\"476af5f\" data-element_type=\"section\" data-e-type=\"section\" data-settings=\"{&quot;background_background&quot;:&quot;classic&quot;}\">\n\t\t\t\t\t\t<div class=\"elementor-container elementor-column-gap-default\">\n\t\t\t\t\t<div class=\"elementor-column elementor-col-100 elementor-top-column elementor-element elementor-element-ad5b0a3 policy__wrapper z-index-1\" data-id=\"ad5b0a3\" data-element_type=\"column\" data-e-type=\"column\" data-settings=\"{&quot;background_background&quot;:&quot;classic&quot;}\">\n\t\t\t<div class=\"elementor-widget-wrap elementor-element-populated\">\n\t\t\t\t\t\t<div class=\"elementor-element elementor-element-f11f366 elementor-widget elementor-widget-text-editor\" data-id=\"f11f366\" data-element_type=\"widget\" data-e-type=\"widget\" data-widget_type=\"text-editor.default\">\n\t\t\t\t<div class=\"elementor-widget-container\">\n\t\t\t\t\t\t\t\t\t<p><strong>PRIVACITAT I TRACTAMENT DE LA INFORMACI\u00d3<\/strong><\/p><p><strong>1.- DRET D&#8217;INFORMACI\u00d3<\/strong><\/p><p>D&#8217;acord amb el que es disposa en l&#8217;article 11 de la Llei org\u00e0nica 3\/2018 de 5 de desembre, de Protecci\u00f3 de Dades i Garantia de Drets Digitals (d&#8217;ara endavant\u00a0LOPD)\u00a0i l&#8217;article 13 del Reglament General de Protecci\u00f3 de dades l&#8217;informem de:<\/p><p><strong>1.- Identificaci\u00f3 de responsables:<\/strong><\/p><p>El responsable del tractament \u00e9s\u00a0Mind\u00a0Your\u00a0Gap\u00a0Studio\u00a0SL, amb les dades de contacte que consten en l&#8217;apartat 1 d&#8217;aquest av\u00eds.<\/p><p><strong>1.2.- Finalitats de tractament i base jur\u00eddica<\/strong><\/p><p>Les dades que ens faciliti en els formularis que trobar\u00e0 en la web, les que ens envi\u00ef a la nostra adre\u00e7a de correu electr\u00f2nic i els que es puguin generar mentre mantingui relaci\u00f3 amb el responsable del tractament s&#8217;incorporaran, tal com ens les cedeixi, a una base de dades titularitat del responsable del tractament.<\/p><p>Utilitzarem les dades per a prestar-li els serveis que ens sol\u00b7liciti i per a mantenir una relaci\u00f3 comercial amb vost\u00e8, podent enviar-li informaci\u00f3 sobre els nostres productes i serveis per correu electr\u00f2nic o postal.<\/p><p>La base jur\u00eddica d&#8217;aquest tractament ser\u00e0 la relaci\u00f3 contractual que mantingui amb el responsable del tractament, el consentiment que atorga en acceptar aquest av\u00eds i el compliment de les lleis.<\/p><p><strong>1.3.- Categories de destinataris.<\/strong><\/p><p>Per a donar compliment a les anteriors finalitats tindran acc\u00e9s a les seves dades:<\/p><p>El personal degudament autoritzat per la direcci\u00f3 del responsable del tractament.<\/p><p>Els prove\u00efdors necessaris per a donar compliment a la seva demanda.<\/p><p>L&#8217;administraci\u00f3 p\u00fablica en l&#8217;\u00e0mbit de les seves compet\u00e8ncies.<br \/>Pot ampliar aquesta informaci\u00f3 consultant enviant un correu a info@mindyourgap.com<\/p><p><strong>1.4.- Transfer\u00e8ncia internacional de dades.<\/strong><\/p><p>En general, el responsable del tractament no cedeix, ni diposita dades fora de la Uni\u00f3 Europea per a desenvolupar les seves funcions. No obstant aix\u00f2, en alguns casos \u00e9s possible que s&#8217;utilitzi algun servei d&#8217;allotjament que utilitzi sistemes situats fora de la Uni\u00f3 Europea. Quan aix\u00ed sigui, ser\u00e0 pr\u00e8viament informat.<\/p><p><strong>1.5.- Termini de conservaci\u00f3 de la informaci\u00f3.<\/strong><\/p><p>El responsable del tractament conservar\u00e0 la seva informaci\u00f3 durant el termini de prescripci\u00f3 de les accions legals que pot arribar a ser de 10 anys.<\/p><p><strong>1.6.- Drets com a afectat<\/strong><\/p><p>T\u00e9 dret a accedir, rectificar, suprimir, oposar-se al fet que les seves dades es tractin, a limitar el tractament, a demanar la portabilitat de les dades, a no ser sotm\u00e8s a decisions individuals automatitzades i a revocar el consentiment que atorga.<\/p><p>Per a exercir aquests drets pot dirigir-se per escrit a Mind Your Gap Studio SL, Barcelona, Duran i Borrell 9, bajos 2, o b\u00e9, contactar per tel\u00e8fon al +34 93 609 98 86, o enviar un correu electr\u00f2nic a l&#8217;adre\u00e7a info@mindyourgap.com amb el text \u00abPROTECCI\u00d3 DE DADES\u00bb en l&#8217;assumpte.<\/p><p><strong>1.7.- Dret de reclamaci\u00f3.<\/strong><\/p><p>L&#8217;organisme competent per a con\u00e8ixer de la correcta aplicaci\u00f3 de les normes sobre tractament de la informaci\u00f3 \u00e9s l&#8217;Autoritat de Protecci\u00f3 de Dades, amb domicili al Carrer Jorge Juan n. 6 de Madrid.<\/p><p><strong>1.8.- Obligacions de l&#8217;afectat.<\/strong><\/p><p>L&#8217;afectat ha d&#8217;aportar informaci\u00f3 vera\u00e7 i actualitzada en tots els processos de recollida de dades, sent ell l&#8217;\u00fanic responsable de la vulneraci\u00f3 d&#8217;aquesta obligaci\u00f3.<\/p><p>En els formularis de recollida de dades estan marcats les dades que s\u00f3n obligatoris aportar, en funci\u00f3 de la demanda que faci l&#8217;afectat. La falta de l&#8217;aportaci\u00f3 d&#8217;aquestes dades pot suposar la impossibilitat de participar de l&#8217;activitat o proporcionar el servei que se sol\u00b7licita.<\/p><p><strong>1.9.- Elaboraci\u00f3 de perfils<\/strong><\/p><p>Per al compliment dels objectius del responsable del tractament i, sobretot, per a fer una atenci\u00f3 m\u00e9s personalitzada, acurada i efica\u00e7 de l&#8217;usuari, a vegades, \u00e9s necessari elaborar perfils dels destinataris dels serveis. En cap cas, l&#8217;elaboraci\u00f3 del perfil es fa de manera exclusivament automatitzada.<\/p><p><strong>CONSENTIMENT DE L&#8217;USUARI<\/strong><br \/>S&#8217;ent\u00e9n que l&#8217;usuari accepta les condicions establertes si prem el bot\u00f3 \u2018ACCEPTAR\u2019 que es troba en tots els formularis de recollida de dades, o si envia un missatge per correu electr\u00f2nic.<\/p><p>Les dades personals es guarden en la base de dades general d&#8217;administraci\u00f3 de\u00a0Mind\u00a0Your\u00a0Gap\u00a0Studio\u00a0SL que, en tot cas, garanteix les mesures t\u00e8cniques i organitzatives per a preservar la integritat i la seguretat de la informaci\u00f3 que tracta.<\/p><p><strong>SEGURETAT<\/strong><br \/>La base de dades general est\u00e0 dotada del preceptiu document de seguretat i ha establert tots els mitjans t\u00e8cnics al seu abast per a evitar la p\u00e8rdua, mal \u00fas, alteraci\u00f3, acc\u00e9s no autoritzat i robatori de les dades facilitades. El tractament de les dades personals est\u00e0 ajustat a la normativa establerta en la Llei org\u00e0nica 3\/2018, de Protecci\u00f3 de Dades i Garantia de Drets Digitals i el Reglament (UE) 2016\/679 del Parlament Europeu i del Consell, de 27 d&#8217;abril de 2016.<\/p><p><strong>\u00daS D&#8217;ADRECES IP<\/strong><br \/>Per a facilitar la cerca de recursos que creiem que s\u00f3n del seu inter\u00e8s, pot trobar en aquesta web enlla\u00e7os a altres p\u00e0gines.<\/p><p>Aquesta pol\u00edtica de privacitat nom\u00e9s \u00e9s aplicable a aquesta web. El responsable del tractament no garanteix el compliment d&#8217;aquesta pol\u00edtica en altres webs, ni es fa responsable dels accessos mitjan\u00e7ant enlla\u00e7os des d&#8217;aquest lloc.<\/p><p>L&#8217;usuari garanteix l&#8217;autenticitat de totes aquelles dades que comuniqui a trav\u00e9s de www.mindyourgap.com, i mantindr\u00e0 actualitzada la informaci\u00f3 facilitada a\u00a0MIND\u00a0YOUR\u00a0GAP\u00a0STUDIO\u00a0SL, de manera que respongui en tot moment a la seva situaci\u00f3 real, sent l&#8217;\u00fanic responsable de les manifestacions falses o inexactes. manifestacions realitzades, aix\u00ed com dels perjudicis que per aix\u00f2 causi a\u00a0MIND\u00a0YOUR\u00a0GAP\u00a0STUDIO\u00a0SL o a tercers.<br \/>MIND\u00a0YOUR\u00a0GAP\u00a0STUDIO\u00a0SL no pot assumir cap responsabilitat derivada de l&#8217;\u00fas incorrecte, inapropiat o il\u00b7l\u00edcit de la informaci\u00f3 apareguda en les p\u00e0gines d&#8217;Internet de\u00a0MIND\u00a0YOUR\u00a0GAP\u00a0STUDIO\u00a0SL<\/p><p>Amb els l\u00edmits establerts en la llei,\u00a0MIND\u00a0YOUR\u00a0GAP\u00a0STUDIO\u00a0SL no assumeix cap responsabilitat derivada de la falta de veracitat, integritat, actualitzaci\u00f3 i precisi\u00f3 de les dades o informacions contingudes en les seves p\u00e0gines d&#8217;Internet. Els continguts i informaci\u00f3 de les p\u00e0gines d&#8217;Internet de\u00a0MIND\u00a0YOUR\u00a0GAP\u00a0STUDIO\u00a0SL estan elaborats per professionals degudament qualificats per a l&#8217;exercici de la seva professi\u00f3. No obstant aix\u00f2, els continguts i informaci\u00f3 no vinculen als anteriors, ni constitueixen opinions, consells o assessorament legal de cap mena perqu\u00e8 es tracta merament d&#8217;un servei ofert amb car\u00e0cter informatiu i divulgatiu.<\/p><p>Les p\u00e0gines d&#8217;Internet de\u00a0MIND\u00a0YOUR\u00a0GAP\u00a0STUDIO\u00a0SL poden contenir enlla\u00e7os (links) a altres p\u00e0gines de tercers. Per tant, no pot assumir responsabilitats pel contingut que pugui apar\u00e8ixer en p\u00e0gines de tercers. Els textos, imatges, sons, animacions, programari i la resta de continguts inclosos en aquest lloc web s\u00f3n propietat exclusiva de\u00a0MIND\u00a0YOUR\u00a0GAP\u00a0STUDIO\u00a0SL o dels seus llicenciadors. Qualsevol acte de transmissi\u00f3, distribuci\u00f3, cessi\u00f3, reproducci\u00f3, emmagatzematge o comunicaci\u00f3 p\u00fablica total o parcial, ha de comptar amb el consentiment expr\u00e9s de\u00a0MIND\u00a0YOUR\u00a0GAP\u00a0STUDIO\u00a0SL<\/p><p>Aix\u00ed mateix, per a accedir als serveis que MIND YOUR GAP STUDIO SL ofereix a trav\u00e9s del lloc web, haur\u00e0 de proporcionar algunes dades de car\u00e0cter personal. En compliment del que es disposa en la LOPD 15\/1999, de 13 de desembre, l&#8217;informem que les seves dades personals seran incorporats i seran tractats en els fitxers de MIND YOUR GAP STUDIO SL, amb la finalitat de poder prestar-li i oferir-li els nostres serveis. . Aix\u00ed mateix, l&#8217;informem de la possibilitat d&#8217;exercir els drets d&#8217;acc\u00e9s, rectificaci\u00f3, cancel\u00b7laci\u00f3 i oposici\u00f3 de les seves dades personals, en Duran i Borrell 9, bajos 2 08023 Barcelona, o enviar un correu electr\u00f2nic a info@mindyourgap.com<br \/>Aix\u00ed mateix, la seva acceptaci\u00f3 del present Av\u00eds Legal implica la prestaci\u00f3 del seu consentiment expr\u00e9s perqu\u00e8\u00a0MIND\u00a0YOUR\u00a0GAP\u00a0STUDIO\u00a0SL pugui remetre-li comunicacions publicit\u00e0ries o promocionals per correu electr\u00f2nic o un altre mitj\u00e0 de comunicaci\u00f3 equivalent, en els termes establerts en la Llei 34\/2002, de Serveis. de la Societat de la Informaci\u00f3 i Comer\u00e7 Electr\u00f2nic. En cas que no estigui interessat a rebre aquest tipus de comunicacions, pot posar-se en contacte amb\u00a0MIND\u00a0YOUR\u00a0GAP\u00a0STUDIO\u00a0SL, en l&#8217;adre\u00e7a indicada m\u00e9s amunt o mitjan\u00e7ant correu electr\u00f2nic a info@mindyourgap.com, manifestant la seva voluntat.<\/p>\t\t\t\t\t\t\t\t<\/div>\n\t\t\t\t<\/div>\n\t\t\t\t\t<\/div>\n\t\t<\/div>\n\t\t\t\t\t<\/div>\n\t\t<\/section>\n\t\t\t\t<\/div>\n\t\t","protected":false},"excerpt":{"rendered":"<p>Pol\u00edtica de privacitat PRIVACITAT I TRACTAMENT DE LA INFORMACI\u00d3 1.- DRET D&#8217;INFORMACI\u00d3 D&#8217;acord amb el que es disposa en l&#8217;article 11 de la Llei org\u00e0nica 3\/2018 de 5 de desembre, de Protecci\u00f3 de Dades i Garantia de Drets Digitals (d&#8217;ara endavant\u00a0LOPD)\u00a0i l&#8217;article 13 del Reglament General de Protecci\u00f3 de dades l&#8217;informem de: 1.- Identificaci\u00f3 de [&hellip;]<\/p>\n","protected":false},"author":2,"featured_media":0,"parent":0,"menu_order":0,"comment_status":"closed","ping_status":"closed","template":"elementor_header_footer","meta":{"_acf_changed":false,"footnotes":""},"class_list":["post-7248","page","type-page","status-publish","hentry"],"acf":[],"_links":{"self":[{"href":"https:\/\/mindyourgap.com\/ca\/wp-json\/wp\/v2\/pages\/7248","targetHints":{"allow":["GET"]}}],"collection":[{"href":"https:\/\/mindyourgap.com\/ca\/wp-json\/wp\/v2\/pages"}],"about":[{"href":"https:\/\/mindyourgap.com\/ca\/wp-json\/wp\/v2\/types\/page"}],"author":[{"embeddable":true,"href":"https:\/\/mindyourgap.com\/ca\/wp-json\/wp\/v2\/users\/2"}],"replies":[{"embeddable":true,"href":"https:\/\/mindyourgap.com\/ca\/wp-json\/wp\/v2\/comments?post=7248"}],"version-history":[{"count":5,"href":"https:\/\/mindyourgap.com\/ca\/wp-json\/wp\/v2\/pages\/7248\/revisions"}],"predecessor-version":[{"id":13226,"href":"https:\/\/mindyourgap.com\/ca\/wp-json\/wp\/v2\/pages\/7248\/revisions\/13226"}],"wp:attachment":[{"href":"https:\/\/mindyourgap.com\/ca\/wp-json\/wp\/v2\/media?parent=7248"}],"curies":[{"name":"wp","href":"https:\/\/api.w.org\/{rel}","templated":true}]}}