{"id":7214,"date":"2023-04-19T14:01:06","date_gmt":"2023-04-19T12:01:06","guid":{"rendered":"https:\/\/devwp.websiteserverhost.biz\/mindyourgap\/domains-and-ssl-certificates\/"},"modified":"2023-10-26T19:23:57","modified_gmt":"2023-10-26T17:23:57","slug":"domains-and-ssl-certificates","status":"publish","type":"page","link":"https:\/\/mindyourgap.com\/ca\/domains-and-ssl-certificates\/","title":{"rendered":"Dominis I Certificats SSL"},"content":{"rendered":"\t\t<div data-elementor-type=\"wp-page\" data-elementor-id=\"7214\" class=\"elementor elementor-7214 elementor-5938\" data-elementor-post-type=\"page\">\n\t\t\t\t\t\t<section class=\"elementor-section elementor-top-section elementor-element elementor-element-ce5d82b elementor-section-full_width elementor-section-height-default elementor-section-height-default\" data-id=\"ce5d82b\" data-element_type=\"section\" data-e-type=\"section\">\n\t\t\t\t\t\t<div class=\"elementor-container elementor-column-gap-no\">\n\t\t\t\t\t<div class=\"elementor-column elementor-col-100 elementor-top-column elementor-element elementor-element-78b6465\" data-id=\"78b6465\" data-element_type=\"column\" data-e-type=\"column\">\n\t\t\t<div class=\"elementor-widget-wrap elementor-element-populated\">\n\t\t\t\t\t\t<div class=\"elementor-element elementor-element-611d25a elementor-widget elementor-widget-tp-heading-2\" data-id=\"611d25a\" data-element_type=\"widget\" data-e-type=\"widget\" data-widget_type=\"tp-heading-2.default\">\n\t\t\t\t<div class=\"elementor-widget-container\">\n\t\t\t\t\t\r\n\t\t\r\n\r\n         <!-- contact area start -->\r\n         <section class=\"tp-section-area p-relative z-index-1 tp-section-spacing tp-el-section\">\r\n            <div class=\"tp-section-bg include-bg\" data-background=\"https:\/\/mindyourgap.com\/wp-content\/uploads\/2023\/06\/contact-bg.png\"><\/div>\r\n            <div class=\"container\">\r\n               <div class=\"row justify-content-center\">\r\n                  <div class=\"col-xl-8 col-lg-8\">\r\n                     <div class=\"tp-section-wrapper-2 text-center tp-el-content\">\r\n\r\n\t\t\t\t\t\t\t\t\t\t\t\t<span class=\"faq__title-pre tp-el-subtitle\">\r\n\t\t\t\t\t\t\tDominis i Certificats\t\t\t\t\t\t<\/span>\r\n\t\t\t\t\t\t\t\t\t\t\t\t\r\n\t\t\t\t\t\t<h2 class=\"tp-section-title-2 font-70 tp-el-title\">La teva identitat online<\/h2>\r\n\t\t\t\t\t\t\r\n                     <\/div>\r\n                  <\/div>\r\n               <\/div>\r\n            <\/div>\r\n         <\/section>\r\n         <!-- contact area end -->\r\n\r\n         \r\n        \t\t\t\t<\/div>\n\t\t\t\t<\/div>\n\t\t\t\t\t<\/div>\n\t\t<\/div>\n\t\t\t\t\t<\/div>\n\t\t<\/section>\n\t\t\t\t<section class=\"elementor-section elementor-top-section elementor-element elementor-element-69015a8 elementor-section-boxed elementor-section-height-default elementor-section-height-default\" data-id=\"69015a8\" data-element_type=\"section\" data-e-type=\"section\">\n\t\t\t\t\t\t<div class=\"elementor-container elementor-column-gap-custom\">\n\t\t\t\t\t<div class=\"elementor-column elementor-col-100 elementor-top-column elementor-element elementor-element-37a7e6e\" data-id=\"37a7e6e\" data-element_type=\"column\" data-e-type=\"column\">\n\t\t\t<div class=\"elementor-widget-wrap elementor-element-populated\">\n\t\t\t\t\t\t<div class=\"elementor-element elementor-element-b2ea41d elementor-widget elementor-widget-text-editor\" data-id=\"b2ea41d\" data-element_type=\"widget\" data-e-type=\"widget\" data-widget_type=\"text-editor.default\">\n\t\t\t\t<div class=\"elementor-widget-container\">\n\t\t\t\t\t\t\t\t\t<h2><span style=\"font-weight: 400;\">Els dominis i els certificats SSL s\u00f3n dos components importants per a la seguretat i visibilitat d&#8217;un lloc web a Internet.<\/span><\/h2>\t\t\t\t\t\t\t\t<\/div>\n\t\t\t\t<\/div>\n\t\t\t\t\t<\/div>\n\t\t<\/div>\n\t\t\t\t\t<\/div>\n\t\t<\/section>\n\t\t\t\t<section class=\"elementor-section elementor-top-section elementor-element elementor-element-d635c72 elementor-section-boxed elementor-section-height-default elementor-section-height-default\" data-id=\"d635c72\" data-element_type=\"section\" data-e-type=\"section\">\n\t\t\t\t\t\t<div class=\"elementor-container elementor-column-gap-default\">\n\t\t\t\t\t<div class=\"elementor-column elementor-col-33 elementor-top-column elementor-element elementor-element-5c32aef\" data-id=\"5c32aef\" data-element_type=\"column\" data-e-type=\"column\">\n\t\t\t<div class=\"elementor-widget-wrap elementor-element-populated\">\n\t\t\t\t\t\t<div class=\"elementor-element elementor-element-80f3961 elementor-widget elementor-widget-image\" data-id=\"80f3961\" data-element_type=\"widget\" data-e-type=\"widget\" data-widget_type=\"image.default\">\n\t\t\t\t<div class=\"elementor-widget-container\">\n\t\t\t\t\t\t\t\t\t\t\t\t\t\t\t<img fetchpriority=\"high\" decoding=\"async\" width=\"640\" height=\"640\" src=\"https:\/\/mindyourgap.com\/wp-content\/uploads\/2023\/10\/foto-dominios-1.jpeg\" class=\"attachment-large size-large wp-image-11025\" alt=\"\" \/>\t\t\t\t\t\t\t\t\t\t\t\t\t\t\t<\/div>\n\t\t\t\t<\/div>\n\t\t\t\t\t<\/div>\n\t\t<\/div>\n\t\t\t\t<div class=\"elementor-column elementor-col-66 elementor-top-column elementor-element elementor-element-a166d2f\" data-id=\"a166d2f\" data-element_type=\"column\" data-e-type=\"column\">\n\t\t\t<div class=\"elementor-widget-wrap elementor-element-populated\">\n\t\t\t\t\t\t<div class=\"elementor-element elementor-element-c0e373c elementor-widget elementor-widget-text-editor\" data-id=\"c0e373c\" data-element_type=\"widget\" data-e-type=\"widget\" data-widget_type=\"text-editor.default\">\n\t\t\t\t<div class=\"elementor-widget-container\">\n\t\t\t\t\t\t\t\t\t<p><span style=\"font-weight: 400;\">Un domini \u00e9s el nom exclusiu que es d\u00f3na a un lloc web a Internet. Per exemple, &#8220;mindyourgap.com&#8221; \u00e9s un domini. Els dominis s\u00f3n administrats per organitzacions anomenades &#8220;registradors de dominis&#8221;, que els venen o lloguen a les persones o empreses que volen utilitzar-los per als seus llocs web. Els dominis es poden utilitzar per identificar i localitzar llocs web a Internet, i s\u00f3n una part important de la identitat i la marca en l\u00ednia duna empresa.<\/span><\/p><p><b>Gestionem el registre, transfer\u00e8ncia i renovaci\u00f3 de dominis. Si el domini est\u00e0 disponible el registrarem en pocs minuts i si no \u00e9s aix\u00ed, us ajudarem a triar la millor alternativa.<\/b><\/p>\t\t\t\t\t\t\t\t<\/div>\n\t\t\t\t<\/div>\n\t\t\t\t\t<\/div>\n\t\t<\/div>\n\t\t\t\t\t<\/div>\n\t\t<\/section>\n\t\t\t\t<section class=\"elementor-section elementor-top-section elementor-element elementor-element-396ebdc elementor-section-boxed elementor-section-height-default elementor-section-height-default\" data-id=\"396ebdc\" data-element_type=\"section\" data-e-type=\"section\">\n\t\t\t\t\t\t<div class=\"elementor-container elementor-column-gap-default\">\n\t\t\t\t\t<div class=\"elementor-column elementor-col-66 elementor-top-column elementor-element elementor-element-d60de5e\" data-id=\"d60de5e\" data-element_type=\"column\" data-e-type=\"column\">\n\t\t\t<div class=\"elementor-widget-wrap elementor-element-populated\">\n\t\t\t\t\t\t<div class=\"elementor-element elementor-element-2c11d38 elementor-widget elementor-widget-text-editor\" data-id=\"2c11d38\" data-element_type=\"widget\" data-e-type=\"widget\" data-widget_type=\"text-editor.default\">\n\t\t\t\t<div class=\"elementor-widget-container\">\n\t\t\t\t\t\t\t\t\t<p><span style=\"font-weight: 400;\">D&#8217;altra banda, els certificats SSL s\u00f3n una mesura de seguretat per als llocs web que garanteixen que la informaci\u00f3 que s&#8217;intercanvia entre el lloc web i l&#8217;usuari est\u00e0 encriptada i protegida de possibles amenaces i atacs. SSL significa &#8220;Secure Sockets Layer&#8221;, i els certificats SSL s\u00f3n emesos per autoritats certificadores de confian\u00e7a que verifiquen la identitat del propietari del lloc web i proporcionen un xifrat segur per a la informaci\u00f3 que s&#8217;intercanvia.<\/span><\/p><p><span style=\"font-weight: 400;\">La pres\u00e8ncia d&#8217;un certificat SSL en un lloc web s&#8217;indica mitjan\u00e7ant la icona del cadenat a la barra d&#8217;adreces del navegador i la &#8220;s&#8221; a &#8220;https:\/\/&#8221; a la URL del lloc web. Els llocs web amb certificats SSL s\u00f3n m\u00e9s segurs per als usuaris, ja que la informaci\u00f3 que intercanvien (com ara contrasenyes, informaci\u00f3 de targetes de cr\u00e8dit, etc.) est\u00e0 encriptada i protegida.<\/span><\/p>\t\t\t\t\t\t\t\t<\/div>\n\t\t\t\t<\/div>\n\t\t\t\t\t<\/div>\n\t\t<\/div>\n\t\t\t\t<div class=\"elementor-column elementor-col-33 elementor-top-column elementor-element elementor-element-f0ddb01\" data-id=\"f0ddb01\" data-element_type=\"column\" data-e-type=\"column\">\n\t\t\t<div class=\"elementor-widget-wrap elementor-element-populated\">\n\t\t\t\t\t\t<div class=\"elementor-element elementor-element-b918cec elementor-widget elementor-widget-image\" data-id=\"b918cec\" data-element_type=\"widget\" data-e-type=\"widget\" data-widget_type=\"image.default\">\n\t\t\t\t<div class=\"elementor-widget-container\">\n\t\t\t\t\t\t\t\t\t\t\t\t\t\t\t<img decoding=\"async\" width=\"640\" height=\"640\" data-src=\"https:\/\/mindyourgap.com\/wp-content\/uploads\/2023\/10\/candado-ssl-1.jpeg\" class=\"attachment-large size-large wp-image-11028 lazyload\" alt=\"\" src=\"data:image\/svg+xml;base64,PHN2ZyB3aWR0aD0iMSIgaGVpZ2h0PSIxIiB4bWxucz0iaHR0cDovL3d3dy53My5vcmcvMjAwMC9zdmciPjwvc3ZnPg==\" style=\"--smush-placeholder-width: 640px; --smush-placeholder-aspect-ratio: 640\/640;\" \/>\t\t\t\t\t\t\t\t\t\t\t\t\t\t\t<\/div>\n\t\t\t\t<\/div>\n\t\t\t\t\t<\/div>\n\t\t<\/div>\n\t\t\t\t\t<\/div>\n\t\t<\/section>\n\t\t\t\t<section class=\"elementor-section elementor-top-section elementor-element elementor-element-ea238b9 elementor-section-boxed elementor-section-height-default elementor-section-height-default\" data-id=\"ea238b9\" data-element_type=\"section\" data-e-type=\"section\">\n\t\t\t\t\t\t<div class=\"elementor-container elementor-column-gap-custom\">\n\t\t\t\t\t<div class=\"elementor-column elementor-col-100 elementor-top-column elementor-element elementor-element-16d4105\" data-id=\"16d4105\" data-element_type=\"column\" data-e-type=\"column\">\n\t\t\t<div class=\"elementor-widget-wrap elementor-element-populated\">\n\t\t\t\t\t\t<div class=\"elementor-element elementor-element-6276f66 elementor-widget elementor-widget-text-editor\" data-id=\"6276f66\" data-element_type=\"widget\" data-e-type=\"widget\" data-widget_type=\"text-editor.default\">\n\t\t\t\t<div class=\"elementor-widget-container\">\n\t\t\t\t\t\t\t\t\t<p><b>Tots els nostres plans inclouen un certificat SSL gratu\u00eft que ofereix un nivell b\u00e0sic de seguretat i encriptaci\u00f3 de dades. Tamb\u00e9 pots optar per un certificat SSL de pagament que ofereix un nivell de seguretat i confian\u00e7a m\u00e9s elevat, gr\u00e0cies al fet que s\u00f3n emesos per autoritats certificadores de m\u00e9s nivell de validaci\u00f3.<\/b><\/p>\t\t\t\t\t\t\t\t<\/div>\n\t\t\t\t<\/div>\n\t\t\t\t\t<\/div>\n\t\t<\/div>\n\t\t\t\t\t<\/div>\n\t\t<\/section>\n\t\t\t\t<section class=\"elementor-section elementor-top-section elementor-element elementor-element-379bec0 elementor-section-full_width elementor-section-height-default elementor-section-height-default\" data-id=\"379bec0\" data-element_type=\"section\" data-e-type=\"section\">\n\t\t\t\t\t\t<div class=\"elementor-container elementor-column-gap-no\">\n\t\t\t\t\t<div class=\"elementor-column elementor-col-100 elementor-top-column elementor-element elementor-element-33b764c\" data-id=\"33b764c\" data-element_type=\"column\" data-e-type=\"column\">\n\t\t\t<div class=\"elementor-widget-wrap elementor-element-populated\">\n\t\t\t\t\t\t<div class=\"elementor-element elementor-element-754f80a elementor-widget elementor-widget-tp-cta\" data-id=\"754f80a\" data-element_type=\"widget\" data-e-type=\"widget\" data-widget_type=\"tp-cta.default\">\n\t\t\t\t<div class=\"elementor-widget-container\">\n\t\t\t\t\t\r\n\t\t\r\n         <!-- cta area start -->\r\n         <section class=\"cta__area cta__style-2 p-relative z-index-1 tp-el-section\">\r\n\r\n                        <div class=\"cta__half-bg\"><\/div>\r\n            \r\n            <div class=\"container\">\r\n               <div class=\"cta__inner-5 tp-el-box cta-blue-bg\">\r\n\r\n                                                       <div class=\"cta__shape-bg include-bg\" data-background=\"https:\/\/mindyourgap.com\/wp-content\/uploads\/2022\/12\/cta-bg.png\"><\/div>\r\n                                                     <div class=\"row align-items-center\">\r\n                     <div class=\"col-xxl-8 col-xl-8 col-lg-8\">\r\n\r\n                        <div class=\"cta__content-5 tp-el-content\">\r\n\r\n                           \r\n                           <h2 class=\"cta__title-5 tp-el-title\">En quin est\u00e0s pensant?<\/h2>\r\n                            \r\n                        <\/div>\r\n                     <\/div>\r\n\r\n                     <div class=\"col-xxl-4 col-xl-4 col-lg-4\">\r\n                                             <div class=\"cta__btn-5 text-lg-end\">\r\n                           <a class=\"tp-btn-orange-2 tp-el-box-btn\" target=\"_blank\" rel=\"nofollow\" href=\"https:\/\/mindyourgap.com\/ca\/contact-us\/\">Contacta Nosaltres<\/a>\r\n                        <\/div>\r\n                                             <\/div>                  \r\n                  <\/div>\r\n               <\/div>\r\n            <\/div>\r\n         <\/section>\r\n         <!-- cta area end -->\r\n\r\n         \r\n        \t\t\t\t<\/div>\n\t\t\t\t<\/div>\n\t\t\t\t\t<\/div>\n\t\t<\/div>\n\t\t\t\t\t<\/div>\n\t\t<\/section>\n\t\t\t\t<\/div>\n\t\t","protected":false},"excerpt":{"rendered":"<p>Dominis i Certificats La teva identitat online Els dominis i els certificats SSL s\u00f3n dos components importants per a la seguretat i visibilitat d&#8217;un lloc web a Internet. Un domini \u00e9s el nom exclusiu que es d\u00f3na a un lloc web a Internet. Per exemple, &#8220;mindyourgap.com&#8221; \u00e9s un domini. Els dominis s\u00f3n administrats per organitzacions [&hellip;]<\/p>\n","protected":false},"author":2,"featured_media":0,"parent":0,"menu_order":0,"comment_status":"closed","ping_status":"closed","template":"elementor_header_footer","meta":{"_acf_changed":false,"footnotes":""},"class_list":["post-7214","page","type-page","status-publish","hentry"],"acf":[],"_links":{"self":[{"href":"https:\/\/mindyourgap.com\/ca\/wp-json\/wp\/v2\/pages\/7214","targetHints":{"allow":["GET"]}}],"collection":[{"href":"https:\/\/mindyourgap.com\/ca\/wp-json\/wp\/v2\/pages"}],"about":[{"href":"https:\/\/mindyourgap.com\/ca\/wp-json\/wp\/v2\/types\/page"}],"author":[{"embeddable":true,"href":"https:\/\/mindyourgap.com\/ca\/wp-json\/wp\/v2\/users\/2"}],"replies":[{"embeddable":true,"href":"https:\/\/mindyourgap.com\/ca\/wp-json\/wp\/v2\/comments?post=7214"}],"version-history":[{"count":5,"href":"https:\/\/mindyourgap.com\/ca\/wp-json\/wp\/v2\/pages\/7214\/revisions"}],"predecessor-version":[{"id":11044,"href":"https:\/\/mindyourgap.com\/ca\/wp-json\/wp\/v2\/pages\/7214\/revisions\/11044"}],"wp:attachment":[{"href":"https:\/\/mindyourgap.com\/ca\/wp-json\/wp\/v2\/media?parent=7214"}],"curies":[{"name":"wp","href":"https:\/\/api.w.org\/{rel}","templated":true}]}}