{"id":7196,"date":"2023-04-20T07:30:21","date_gmt":"2023-04-20T05:30:21","guid":{"rendered":"https:\/\/devwp.websiteserverhost.biz\/mindyourgap\/web-maintenance\/"},"modified":"2025-08-08T19:28:45","modified_gmt":"2025-08-08T17:28:45","slug":"web-maintenance","status":"publish","type":"page","link":"https:\/\/mindyourgap.com\/ca\/web-maintenance\/","title":{"rendered":"Manteniment Web"},"content":{"rendered":"\t\t<div data-elementor-type=\"wp-page\" data-elementor-id=\"7196\" class=\"elementor elementor-7196 elementor-6001\" data-elementor-post-type=\"page\">\n\t\t\t\t\t\t<section class=\"elementor-section elementor-top-section elementor-element elementor-element-a572e20 elementor-section-full_width elementor-section-height-default elementor-section-height-default\" data-id=\"a572e20\" data-element_type=\"section\" data-e-type=\"section\">\n\t\t\t\t\t\t<div class=\"elementor-container elementor-column-gap-no\">\n\t\t\t\t\t<div class=\"elementor-column elementor-col-100 elementor-top-column elementor-element elementor-element-20a0517\" data-id=\"20a0517\" data-element_type=\"column\" data-e-type=\"column\">\n\t\t\t<div class=\"elementor-widget-wrap elementor-element-populated\">\n\t\t\t\t\t\t<div class=\"elementor-element elementor-element-78c921f elementor-widget elementor-widget-tp-heading-2\" data-id=\"78c921f\" data-element_type=\"widget\" data-e-type=\"widget\" data-widget_type=\"tp-heading-2.default\">\n\t\t\t\t<div class=\"elementor-widget-container\">\n\t\t\t\t\t\r\n\t\t\r\n\r\n         <!-- contact area start -->\r\n         <section class=\"tp-section-area p-relative z-index-1 tp-section-spacing tp-el-section\">\r\n            <div class=\"tp-section-bg include-bg\" data-background=\"https:\/\/mindyourgap.com\/wp-content\/uploads\/2023\/06\/contact-bg.png\"><\/div>\r\n            <div class=\"container\">\r\n               <div class=\"row justify-content-center\">\r\n                  <div class=\"col-xl-8 col-lg-8\">\r\n                     <div class=\"tp-section-wrapper-2 text-center tp-el-content\">\r\n\r\n\t\t\t\t\t\t\t\t\t\t\t\t<span class=\"faq__title-pre tp-el-subtitle\">\r\n\t\t\t\t\t\t\tManteniment Web\t\t\t\t\t\t<\/span>\r\n\t\t\t\t\t\t\t\t\t\t\t\t\r\n\t\t\t\t\t\t<h2 class=\"tp-section-title-2 font-70 tp-el-title\">Estabilitat, seguretat i rendiment<\/h2>\r\n\t\t\t\t\t\t\r\n                     <\/div>\r\n                  <\/div>\r\n               <\/div>\r\n            <\/div>\r\n         <\/section>\r\n         <!-- contact area end -->\r\n\r\n         \r\n        \t\t\t\t<\/div>\n\t\t\t\t<\/div>\n\t\t\t\t\t<\/div>\n\t\t<\/div>\n\t\t\t\t\t<\/div>\n\t\t<\/section>\n\t\t\t\t<section class=\"elementor-section elementor-top-section elementor-element elementor-element-f1472aa elementor-section-boxed elementor-section-height-default elementor-section-height-default\" data-id=\"f1472aa\" data-element_type=\"section\" data-e-type=\"section\">\n\t\t\t\t\t\t<div class=\"elementor-container elementor-column-gap-custom\">\n\t\t\t\t\t<div class=\"elementor-column elementor-col-100 elementor-top-column elementor-element elementor-element-14f1bd1\" data-id=\"14f1bd1\" data-element_type=\"column\" data-e-type=\"column\">\n\t\t\t<div class=\"elementor-widget-wrap elementor-element-populated\">\n\t\t\t\t\t\t<div class=\"elementor-element elementor-element-2f70419 elementor-widget elementor-widget-text-editor\" data-id=\"2f70419\" data-element_type=\"widget\" data-e-type=\"widget\" data-widget_type=\"text-editor.default\">\n\t\t\t\t<div class=\"elementor-widget-container\">\n\t\t\t\t\t\t\t\t\t<h2><span style=\"font-weight: 400;\">Ens ocupem de mantenir actualitzat el teu CMS (WordPress \/ Drupal), el seu core i els plugins\/m\u00f2duls instal\u00b7lats.<\/span><\/h2>\t\t\t\t\t\t\t\t<\/div>\n\t\t\t\t<\/div>\n\t\t\t\t\t<\/div>\n\t\t<\/div>\n\t\t\t\t\t<\/div>\n\t\t<\/section>\n\t\t\t\t<section class=\"elementor-section elementor-top-section elementor-element elementor-element-977d402 elementor-section-boxed elementor-section-height-default elementor-section-height-default\" data-id=\"977d402\" data-element_type=\"section\" data-e-type=\"section\">\n\t\t\t\t\t\t<div class=\"elementor-container elementor-column-gap-default\">\n\t\t\t\t\t<div class=\"elementor-column elementor-col-100 elementor-top-column elementor-element elementor-element-6423640\" data-id=\"6423640\" data-element_type=\"column\" data-e-type=\"column\">\n\t\t\t<div class=\"elementor-widget-wrap elementor-element-populated\">\n\t\t\t\t\t\t<div class=\"elementor-element elementor-element-641fcc0 elementor-widget elementor-widget-tp-text-box\" data-id=\"641fcc0\" data-element_type=\"widget\" data-e-type=\"widget\" data-widget_type=\"tp-text-box.default\">\n\t\t\t\t<div class=\"elementor-widget-container\">\n\t\t\t\t\t\r\n\t\t\t\t<section class=\"job__details-area tp-el-section\">\r\n\t\t\t<div class=\"container\">\r\n\t\t\t\t<div class=\"row\">\r\n\t\t\t\t\t<div class=\"col-xxl-12\">\r\n\t\t\t\t\t\t<div class=\"job__details-wrapper\">\r\n\t\t\t\t\t\t\t<div class=\"job__details-about mb-35\">\r\n\t\t\t\t\t\t\t\t\r\n\t\t\t\t\t\t\t\t\t\t\t\t\t\t<p class=\"tp-el-box-desc\">El manteniment del vostre lloc web \u00e9s essencial per garantir el bon funcionament, seguretat i rendiment. Algunes raons per les quals \u00e9s important:<br \/><br \/>\n\n<b>Seguretat:<\/b> WordPress i Drupal s\u00f3n CMS populars, la qual cosa significa que s\u00f3n un objectiu freq\u00fcent per als hackers. Un lloc web no mantingut i actualitzat regularment \u00e9s vulnerable a atacs de seguretat, cosa que podria resultar en la p\u00e8rdua de dades, la corrupci\u00f3 del lloc web, el robatori dinformaci\u00f3 i m\u00e9s. Mantenir el teu CMS actualitzat i protegit \u00e9s essencial per garantir la seguretat del vostre lloc web.<br \/><br \/>\n\n<b>Funcionament:<\/b> El manteniment regular tamb\u00e9 pot millorar el rendiment del vostre lloc web. Els llocs web no mantinguts poden tornar lents i poc fiables, el que pot espantar els visitants i afectar el seu posicionament en els motors de cerca.<br \/><br \/>\n\n<b>Experi\u00e8ncia de l'usuari:<\/b> Mantenir el vostre lloc web actualitzat i funcional no nom\u00e9s \u00e9s important per a la vostra seguretat i rendiment, sin\u00f3 que tamb\u00e9 afecta directament l'experi\u00e8ncia de l'usuari. Un lloc web que funciona malament o \u00e9s dif\u00edcil de navegar pot frustrar els visitants i fer que se'n vagin.<br \/><br \/>\n\n<b>Actualitzacions:<\/b> WordPress i Drupal publiquen actualitzacions regulars per corregir errors, millorar la funcionalitat i solucionar problemes de seguretat. Si no s'actualitza regularment, el vostre lloc web es pot quedar obsolet i no funcionar correctament amb les \u00faltimes versions de core i els seus complements.<br \/><br \/>\n\nEl nostre servei de manteniment inclou 1h mensual, en qu\u00e8 es revisen actualitzacions pendents, es realitza backup, s'apliquen les actualitzacions, es verifica el funcionament i s'envia informe de les accions dutes a terme.<br \/><br \/>\n\n<i>No s'hi inclou l'actualitzaci\u00f3 del tema ni els plugins comercials pr\u00e8viament adquirits pel client si no disposa de llic\u00e8ncia.<\/i><\/p>\r\n\t\t\t\t\t\t\t\t\t\t\t\t\t<\/div>\r\n\t\t\t\t\t<\/div>\r\n                  <\/div>\r\n               <\/div>\r\n            <\/div>\r\n         <\/section>\r\n\r\n\r\n\t\t\r\n        \t\t\t\t<\/div>\n\t\t\t\t<\/div>\n\t\t\t\t\t<\/div>\n\t\t<\/div>\n\t\t\t\t\t<\/div>\n\t\t<\/section>\n\t\t\t\t<section class=\"elementor-section elementor-top-section elementor-element elementor-element-9d45e09 elementor-section-full_width elementor-section-height-default elementor-section-height-default\" data-id=\"9d45e09\" data-element_type=\"section\" data-e-type=\"section\">\n\t\t\t\t\t\t<div class=\"elementor-container elementor-column-gap-no\">\n\t\t\t\t\t<div class=\"elementor-column elementor-col-100 elementor-top-column elementor-element elementor-element-985418e\" data-id=\"985418e\" data-element_type=\"column\" data-e-type=\"column\">\n\t\t\t<div class=\"elementor-widget-wrap elementor-element-populated\">\n\t\t\t\t\t\t<div class=\"elementor-element elementor-element-af2fb41 elementor-widget elementor-widget-tp-cta\" data-id=\"af2fb41\" data-element_type=\"widget\" data-e-type=\"widget\" data-widget_type=\"tp-cta.default\">\n\t\t\t\t<div class=\"elementor-widget-container\">\n\t\t\t\t\t\r\n\t\t\r\n         <!-- cta area start -->\r\n         <section class=\"cta__area cta__style-2 p-relative z-index-1 tp-el-section\">\r\n\r\n                        <div class=\"cta__half-bg\"><\/div>\r\n            \r\n            <div class=\"container\">\r\n               <div class=\"cta__inner-5 tp-el-box cta-blue-bg\">\r\n\r\n                                                       <div class=\"cta__shape-bg include-bg\" data-background=\"https:\/\/mindyourgap.com\/wp-content\/uploads\/2022\/12\/cta-bg.png\"><\/div>\r\n                                                     <div class=\"row align-items-center\">\r\n                     <div class=\"col-xxl-8 col-xl-8 col-lg-8\">\r\n\r\n                        <div class=\"cta__content-5 tp-el-content\">\r\n\r\n                                                       <span class=\"section__title-pre-5 tp-el-subtitle\">Per a m\u00e9s detalls<\/span>\r\n                            \r\n                           <h2 class=\"cta__title-5 tp-el-title\">Descobriu-ho<\/h2>\r\n                            \r\n                        <\/div>\r\n                     <\/div>\r\n\r\n                     <div class=\"col-xxl-4 col-xl-4 col-lg-4\">\r\n                                             <div class=\"cta__btn-5 text-lg-end\">\r\n                           <a class=\"tp-btn-orange-2 tp-el-box-btn\" target=\"_blank\" rel=\"nofollow\" href=\"https:\/\/mindyourgap.com\/ca\/contact-us\/\">Comen\u00e7ar<\/a>\r\n                        <\/div>\r\n                                             <\/div>                  \r\n                  <\/div>\r\n               <\/div>\r\n            <\/div>\r\n         <\/section>\r\n         <!-- cta area end -->\r\n\r\n         \r\n        \t\t\t\t<\/div>\n\t\t\t\t<\/div>\n\t\t\t\t\t<\/div>\n\t\t<\/div>\n\t\t\t\t\t<\/div>\n\t\t<\/section>\n\t\t\t\t<\/div>\n\t\t","protected":false},"excerpt":{"rendered":"<p>Manteniment Web Estabilitat, seguretat i rendiment Ens ocupem de mantenir actualitzat el teu CMS (WordPress \/ Drupal), el seu core i els plugins\/m\u00f2duls instal\u00b7lats. El manteniment del vostre lloc web \u00e9s essencial per garantir el bon funcionament, seguretat i rendiment. Algunes raons per les quals \u00e9s important: Seguretat: WordPress i Drupal s\u00f3n CMS populars, la [&hellip;]<\/p>\n","protected":false},"author":2,"featured_media":0,"parent":0,"menu_order":0,"comment_status":"closed","ping_status":"closed","template":"elementor_header_footer","meta":{"_acf_changed":false,"footnotes":""},"class_list":["post-7196","page","type-page","status-publish","hentry"],"acf":[],"_links":{"self":[{"href":"https:\/\/mindyourgap.com\/ca\/wp-json\/wp\/v2\/pages\/7196","targetHints":{"allow":["GET"]}}],"collection":[{"href":"https:\/\/mindyourgap.com\/ca\/wp-json\/wp\/v2\/pages"}],"about":[{"href":"https:\/\/mindyourgap.com\/ca\/wp-json\/wp\/v2\/types\/page"}],"author":[{"embeddable":true,"href":"https:\/\/mindyourgap.com\/ca\/wp-json\/wp\/v2\/users\/2"}],"replies":[{"embeddable":true,"href":"https:\/\/mindyourgap.com\/ca\/wp-json\/wp\/v2\/comments?post=7196"}],"version-history":[{"count":5,"href":"https:\/\/mindyourgap.com\/ca\/wp-json\/wp\/v2\/pages\/7196\/revisions"}],"predecessor-version":[{"id":13105,"href":"https:\/\/mindyourgap.com\/ca\/wp-json\/wp\/v2\/pages\/7196\/revisions\/13105"}],"wp:attachment":[{"href":"https:\/\/mindyourgap.com\/ca\/wp-json\/wp\/v2\/media?parent=7196"}],"curies":[{"name":"wp","href":"https:\/\/api.w.org\/{rel}","templated":true}]}}