{"id":12047,"date":"2024-07-03T13:31:28","date_gmt":"2024-07-03T11:31:28","guid":{"rendered":"https:\/\/mindyourgap.com\/kit-consulting\/servicio-de-asesoramiento-360-en-transformacion-digital\/"},"modified":"2024-07-03T17:47:31","modified_gmt":"2024-07-03T15:47:31","slug":"servei-dassessorament-360-en-transformacio-digital","status":"publish","type":"page","link":"https:\/\/mindyourgap.com\/ca\/kit-consulting\/servei-dassessorament-360-en-transformacio-digital\/","title":{"rendered":"Servei d&#8217;Assessorament \u201c360\u201d en Transformaci\u00f3 Digital"},"content":{"rendered":"\t\t<div data-elementor-type=\"wp-page\" data-elementor-id=\"12047\" class=\"elementor elementor-12047 elementor-11986\" data-elementor-post-type=\"page\">\n\t\t\t\t\t\t<section class=\"elementor-section elementor-top-section elementor-element elementor-element-06a6d2a elementor-section-full_width elementor-section-height-default elementor-section-height-default\" data-id=\"06a6d2a\" data-element_type=\"section\" data-e-type=\"section\">\n\t\t\t\t\t\t<div class=\"elementor-container elementor-column-gap-no\">\n\t\t\t\t\t<div class=\"elementor-column elementor-col-100 elementor-top-column elementor-element elementor-element-87710a6\" data-id=\"87710a6\" data-element_type=\"column\" data-e-type=\"column\">\n\t\t\t<div class=\"elementor-widget-wrap elementor-element-populated\">\n\t\t\t\t\t\t<div class=\"elementor-element elementor-element-4c25293 elementor-widget elementor-widget-image\" data-id=\"4c25293\" data-element_type=\"widget\" data-e-type=\"widget\" data-widget_type=\"image.default\">\n\t\t\t\t<div class=\"elementor-widget-container\">\n\t\t\t\t\t\t\t\t\t\t\t\t\t\t\t<img fetchpriority=\"high\" decoding=\"async\" width=\"8000\" height=\"700\" src=\"https:\/\/mindyourgap.com\/wp-content\/uploads\/2024\/07\/KC_conClaim_conBandera_Colores.png\" class=\"attachment-full size-full wp-image-11866\" alt=\"\" \/>\t\t\t\t\t\t\t\t\t\t\t\t\t\t\t<\/div>\n\t\t\t\t<\/div>\n\t\t\t\t\t<\/div>\n\t\t<\/div>\n\t\t\t\t\t<\/div>\n\t\t<\/section>\n\t\t\t\t<section class=\"elementor-section elementor-top-section elementor-element elementor-element-be81913 elementor-section-boxed elementor-section-height-default elementor-section-height-default\" data-id=\"be81913\" data-element_type=\"section\" data-e-type=\"section\">\n\t\t\t\t\t\t<div class=\"elementor-container elementor-column-gap-default\">\n\t\t\t\t\t<div class=\"elementor-column elementor-col-100 elementor-top-column elementor-element elementor-element-fc54eb2\" data-id=\"fc54eb2\" data-element_type=\"column\" data-e-type=\"column\">\n\t\t\t<div class=\"elementor-widget-wrap elementor-element-populated\">\n\t\t\t\t\t\t<div class=\"elementor-element elementor-element-20e1e01 elementor-widget elementor-widget-heading\" data-id=\"20e1e01\" data-element_type=\"widget\" data-e-type=\"widget\" data-widget_type=\"heading.default\">\n\t\t\t\t<div class=\"elementor-widget-container\">\n\t\t\t\t\t<h1 class=\"elementor-heading-title elementor-size-xxl\">Servei d'Assessorament \u201c360\u201d en Transformaci\u00f3 Digital<\/h1>\t\t\t\t<\/div>\n\t\t\t\t<\/div>\n\t\t\t\t<div class=\"elementor-element elementor-element-9be4d9d elementor-widget elementor-widget-text-editor\" data-id=\"9be4d9d\" data-element_type=\"widget\" data-e-type=\"widget\" data-widget_type=\"text-editor.default\">\n\t\t\t\t<div class=\"elementor-widget-container\">\n\t\t\t\t\t\t\t\t\t<p><strong>El principal objectiu d&#8217;aquest servei \u00e9s oferir assessorament en la transformaci\u00f3 digital de la teva pime, proporcionant solucions adaptades a les teves necessitats espec\u00edfiques. Es definiran la inversi\u00f3 necess\u00e0ria i les mesures estrat\u00e8giques per a aplicar en cada \u00e0rea d&#8217;impacte aconseguint una millora d&#8217;\u00e0mbit general. A m\u00e9s, s&#8217;utilitzaran tecnologies innovadores com a intel\u00b7lig\u00e8ncia artificial per a identificar oportunitats de millora i optimitzar el proc\u00e9s de transformaci\u00f3 digital.<\/strong><\/p>\t\t\t\t\t\t\t\t<\/div>\n\t\t\t\t<\/div>\n\t\t\t\t<div class=\"elementor-element elementor-element-dca6265 elementor-widget elementor-widget-heading\" data-id=\"dca6265\" data-element_type=\"widget\" data-e-type=\"widget\" data-widget_type=\"heading.default\">\n\t\t\t\t<div class=\"elementor-widget-container\">\n\t\t\t\t\t<h1 class=\"elementor-heading-title elementor-size-xxl\">Activitats<\/h1>\t\t\t\t<\/div>\n\t\t\t\t<\/div>\n\t\t\t\t<div class=\"elementor-element elementor-element-d8c4e4d elementor-widget elementor-widget-text-editor\" data-id=\"d8c4e4d\" data-element_type=\"widget\" data-e-type=\"widget\" data-widget_type=\"text-editor.default\">\n\t\t\t\t<div class=\"elementor-widget-container\">\n\t\t\t\t\t\t\t\t\t<p class=\"i4t-wrap-text\">L&#8217;Assessor Digital Adherit ser\u00e0 encarregat de realitzar una s\u00e8rie d&#8217;activitats per a garantir el correcte desenvolupament de transformaci\u00f3 digital de la teva pime:<br \/><br \/>&#8211; Analitzar els processos comercials existents per a identificar aquelles \u00e0rees de la teva pime que podrien beneficiar-se de la digitalitzaci\u00f3.<br \/><br \/>&#8211; Dissenyar i implementar programes de conscienciaci\u00f3 per a educar als teus empleats sobre la import\u00e0ncia estrat\u00e8gica de la transformaci\u00f3 digital.<br \/><br \/>&#8211; Avaluar les eines i tecnologies ja en \u00fas, oferint-te un assessorament per a optimitzar el seu rendiment i alinear-les amb els teus objectius de transformaci\u00f3 digital.<br \/><br \/>&#8211; Desenvolupar una estrat\u00e8gia clara i personalitzada que articuli els objectius, terminis i passos espec\u00edfics per a la transformaci\u00f3 digital.<br \/><br \/>&#8211; Establir un marc per a la innovaci\u00f3 cont\u00ednua i l&#8217;adaptabilitat a mesura que evolucionen les tecnologies digitals.<br \/><br \/>&#8211; Desenvolupament i execuci\u00f3 d&#8217;un cas d&#8217;\u00fas adaptat al negoci, utilitzant les t\u00e8cniques apropiades, que permeti con\u00e8ixer els avantatges de la utilitzaci\u00f3 d&#8217;eines digitals.<br \/><br \/>&#8211; Identificaci\u00f3 d&#8217;oportunitats o possibles usos de la\u00a0IA\u00a0en l&#8217;\u00e0mbit de la transformaci\u00f3 digital.<\/p>\t\t\t\t\t\t\t\t<\/div>\n\t\t\t\t<\/div>\n\t\t\t\t<div class=\"elementor-element elementor-element-2ef0a84 elementor-widget elementor-widget-heading\" data-id=\"2ef0a84\" data-element_type=\"widget\" data-e-type=\"widget\" data-widget_type=\"heading.default\">\n\t\t\t\t<div class=\"elementor-widget-container\">\n\t\t\t\t\t<h1 class=\"elementor-heading-title elementor-size-xxl\">Import de l'ajuda<\/h1>\t\t\t\t<\/div>\n\t\t\t\t<\/div>\n\t\t\t\t<div class=\"elementor-element elementor-element-9d7a2ae elementor-widget elementor-widget-text-editor\" data-id=\"9d7a2ae\" data-element_type=\"widget\" data-e-type=\"widget\" data-widget_type=\"text-editor.default\">\n\t\t\t\t<div class=\"elementor-widget-container\">\n\t\t\t\t\t\t\t\t\t<p>10 &lt; 50 empleats: 6.000\u20ac<\/p><p>50 &lt; 100 empleats: 6.000\u20ac<\/p><p>100 &lt; 250 empleats: 6.000\u20ac<\/p>\t\t\t\t\t\t\t\t<\/div>\n\t\t\t\t<\/div>\n\t\t\t\t\t<\/div>\n\t\t<\/div>\n\t\t\t\t\t<\/div>\n\t\t<\/section>\n\t\t\t\t<section class=\"elementor-section elementor-top-section elementor-element elementor-element-33bad48 elementor-section-boxed elementor-section-height-default elementor-section-height-default\" data-id=\"33bad48\" data-element_type=\"section\" data-e-type=\"section\" data-settings=\"{&quot;background_background&quot;:&quot;classic&quot;}\">\n\t\t\t\t\t\t<div class=\"elementor-container elementor-column-gap-no\">\n\t\t\t\t\t<div class=\"elementor-column elementor-col-100 elementor-top-column elementor-element elementor-element-c2a30a2\" data-id=\"c2a30a2\" data-element_type=\"column\" data-e-type=\"column\">\n\t\t\t<div class=\"elementor-widget-wrap elementor-element-populated\">\n\t\t\t\t\t\t<div class=\"elementor-element elementor-element-e231d62 elementor-widget elementor-widget-heading\" data-id=\"e231d62\" data-element_type=\"widget\" data-e-type=\"widget\" data-widget_type=\"heading.default\">\n\t\t\t\t<div class=\"elementor-widget-container\">\n\t\t\t\t\t<h1 class=\"elementor-heading-title elementor-size-xxl\">Demana la teva subvenci\u00f3 JA!<\/h1>\t\t\t\t<\/div>\n\t\t\t\t<\/div>\n\t\t\t\t<div class=\"elementor-element elementor-element-f03d37a elementor-widget elementor-widget-text-editor\" data-id=\"f03d37a\" data-element_type=\"widget\" data-e-type=\"widget\" data-widget_type=\"text-editor.default\">\n\t\t\t\t<div class=\"elementor-widget-container\">\n\t\t\t\t\t\t\t\t\t<h3>No perdis l&#8217;oportunitat i demana la teva ajuda abans que s&#8217;esgotin els fons. La subvenci\u00f3 estar\u00e0 disponible per temps limitat.<\/h3>\t\t\t\t\t\t\t\t<\/div>\n\t\t\t\t<\/div>\n\t\t\t\t<div class=\"elementor-element elementor-element-6ad32af elementor-widget elementor-widget-tpel-btn\" data-id=\"6ad32af\" data-element_type=\"widget\" data-e-type=\"widget\" data-widget_type=\"tpel-btn.default\">\n\t\t\t\t<div class=\"elementor-widget-container\">\n\t\t\t\t\t\r\n\t\t        \r\n            <!-- button start -->\r\n                        <a href=\"#contactform\" class=\"tp-btn-5 tp-link-btn-3 tp-el-btn\"> T'ajudem en tot el proc\u00e9s <\/a>\r\n                        <!-- button end -->\r\n\r\n        <!-- button style 5 -->\r\n        \r\n        \t\t\t\t<\/div>\n\t\t\t\t<\/div>\n\t\t\t\t\t<\/div>\n\t\t<\/div>\n\t\t\t\t\t<\/div>\n\t\t<\/section>\n\t\t\t\t<section class=\"elementor-section elementor-top-section elementor-element elementor-element-7126afc elementor-section-full_width elementor-section-height-default elementor-section-height-default\" data-id=\"7126afc\" data-element_type=\"section\" data-e-type=\"section\">\n\t\t\t\t\t\t<div class=\"elementor-container elementor-column-gap-no\">\n\t\t\t\t\t<div class=\"elementor-column elementor-col-100 elementor-top-column elementor-element elementor-element-36166d5\" data-id=\"36166d5\" data-element_type=\"column\" data-e-type=\"column\">\n\t\t\t<div class=\"elementor-widget-wrap elementor-element-populated\">\n\t\t\t\t\t\t<div class=\"elementor-element elementor-element-dc6d37a elementor-widget elementor-widget-contact-info\" data-id=\"dc6d37a\" data-element_type=\"widget\" data-e-type=\"widget\" id=\"contactform\" data-widget_type=\"contact-info.default\">\n\t\t\t\t<div class=\"elementor-widget-container\">\n\t\t\t\t\t\r\n         \r\n         <!-- contact area start -->\r\n         <section class=\"contact__area pt-150 pb-150 p-relative z-index-1 tp-el-section\">\r\n            <div class=\"contact__shape\">\r\n               <span class=\"contact__shape-1\"><\/span>\r\n            <\/div>\r\n            <div class=\"container\">\r\n               <div class=\"row\">\r\n                  <div class=\"col-xxl-5 col-xl-5 col-lg-5 col-md-6\">\r\n                     <div class=\"contact__wrapper-9\">\r\n                      \r\n                        <div class=\"section__title-wrapper-9 mb-85 has-black-p\">\r\n\r\n                            \r\n                           <h2 class=\"section__title-9 tp-el-title\">Algun dubte?<\/h2>\r\n                        \r\n                        <\/div>\r\n                                                <div class=\"contact__list-9 mr-100\">\r\n                                                       <div class=\"contact__list-item-9 flex-wrap d-flex align-items-start tp-el-box tp-el-gradient-bg\">\r\n                              <div class=\"contact__list-icon-9 tp-el-box-icon\">\r\n                                                                            <span>\r\n                                                                                        <svg width=\"24\" height=\"24\" viewBox=\"0 0 20 20\" fill=\"none\" xmlns=\"http:\/\/www.w3.org\/2000\/svg\">\n                                       <path d=\"M18.973 15.697C18.973 16.021 18.901 16.354 18.748 16.678C18.595 17.002 18.397 17.308 18.136 17.596C17.695 18.082 17.209 18.433 16.66 18.658C16.12 18.883 15.535 19 14.905 19C13.987 19 13.006 18.784 11.971 18.343C10.936 17.902 9.901 17.308 8.875 16.561C7.84 15.805 6.859 14.968 5.923 14.041C4.996 13.105 4.159 12.124 3.412 11.098C2.674 10.072 2.08 9.046 1.648 8.029C1.216 7.003 1 6.022 1 5.086C1 4.474 1.108 3.889 1.324 3.349C1.54 2.8 1.882 2.296 2.359 1.846C2.935 1.279 3.565 1 4.231 1C4.483 1 4.735 1.054 4.96 1.162C5.194 1.27 5.401 1.432 5.563 1.666L7.651 4.609C7.813 4.834 7.93 5.041 8.011 5.239C8.092 5.428 8.137 5.617 8.137 5.788C8.137 6.004 8.074 6.22 7.948 6.427C7.831 6.634 7.66 6.85 7.444 7.066L6.76 7.777C6.661 7.876 6.616 7.993 6.616 8.137C6.616 8.209 6.625 8.272 6.643 8.344C6.67 8.416 6.697 8.47 6.715 8.524C6.877 8.821 7.156 9.208 7.552 9.676C7.957 10.144 8.389 10.621 8.857 11.098C9.343 11.575 9.811 12.016 10.288 12.421C10.756 12.817 11.143 13.087 11.449 13.249C11.494 13.267 11.548 13.294 11.611 13.321C11.683 13.348 11.755 13.357 11.836 13.357C11.989 13.357 12.106 13.303 12.205 13.204L12.889 12.529C13.114 12.304 13.33 12.133 13.537 12.025C13.744 11.899 13.951 11.836 14.176 11.836C14.347 11.836 14.527 11.872 14.725 11.953C14.923 12.034 15.13 12.151 15.355 12.304L18.334 14.419C18.568 14.581 18.73 14.77 18.829 14.995C18.919 15.22 18.973 15.445 18.973 15.697Z\" stroke=\"currentColor\" stroke-width=\"1.5\" stroke-miterlimit=\"10\"><\/path>\n                                       <path opacity=\"0.4\" d=\"M15.8492 7.30039C15.8492 6.76039 15.4262 5.93239 14.7962 5.25739C14.2202 4.63639 13.4552 4.15039 12.6992 4.15039\" stroke=\"currentColor\" stroke-width=\"1.5\" stroke-linecap=\"round\" stroke-linejoin=\"round\"><\/path>\n                                       <path opacity=\"0.4\" d=\"M18.9992 7.3C18.9992 3.817 16.1822 1 12.6992 1\" stroke=\"currentColor\" stroke-width=\"1.5\" stroke-linecap=\"round\" stroke-linejoin=\"round\"><\/path>\n                                    <\/svg>                                                                                        <img decoding=\"async\" class=\"contact-icon-shape lazyload\" data-src=\"https:\/\/mindyourgap.com\/wp-content\/themes\/harry\/assets\/img\/contact\/contact-icon-shape.png\" alt=\"Mind Your Gap\" src=\"data:image\/svg+xml;base64,PHN2ZyB3aWR0aD0iMSIgaGVpZ2h0PSIxIiB4bWxucz0iaHR0cDovL3d3dy53My5vcmcvMjAwMC9zdmciPjwvc3ZnPg==\" style=\"--smush-placeholder-width: 40px; --smush-placeholder-aspect-ratio: 40\/40;\">\r\n                                        <\/span>\r\n                                                                    \r\n                              <\/div>\r\n                              <div class=\"contact__list-content-9\">\r\n                                                                        <h5 class=\"tp-el-box-title\">Tel\u00e8fon<\/h5>\r\n                                     \r\n\r\n                                     \r\n                                    <p class=\"tp-el-box-desc\"><a href=\"tel:+34 637 71 75 78\">+34 637 71 75 78<\/a><\/p>\r\n                                     \r\n                              <\/div>\r\n                           <\/div>\r\n                                                      <div class=\"contact__list-item-9 flex-wrap d-flex align-items-start tp-el-box tp-el-gradient-bg\">\r\n                              <div class=\"contact__list-icon-9 tp-el-box-icon\">\r\n                                                                            <span>\r\n                                                                                        <svg width=\"24\" height=\"20\" viewBox=\"0 0 16 14\" fill=\"none\" xmlns=\"http:\/\/www.w3.org\/2000\/svg\">\n                                       <path d=\"M11.5 12.9H4.5C2.4 12.9 1 11.85 1 9.4V4.5C1 2.05 2.4 1 4.5 1H11.5C13.6 1 15 2.05 15 4.5V9.4C15 11.85 13.6 12.9 11.5 12.9Z\" stroke=\"currentColor\" stroke-width=\"1.5\" stroke-miterlimit=\"10\" stroke-linecap=\"round\" stroke-linejoin=\"round\"><\/path>\n                                       <path opacity=\"0.4\" d=\"M11.5 4.85059L9.309 6.60059C8.588 7.17459 7.405 7.17459 6.684 6.60059L4.5 4.85059\" stroke=\"currentColor\" stroke-width=\"1.5\" stroke-miterlimit=\"10\" stroke-linecap=\"round\" stroke-linejoin=\"round\"><\/path>\n                                    <\/svg>                                                                                        <img decoding=\"async\" class=\"contact-icon-shape lazyload\" data-src=\"https:\/\/mindyourgap.com\/wp-content\/themes\/harry\/assets\/img\/contact\/contact-icon-shape.png\" alt=\"Mind Your Gap\" src=\"data:image\/svg+xml;base64,PHN2ZyB3aWR0aD0iMSIgaGVpZ2h0PSIxIiB4bWxucz0iaHR0cDovL3d3dy53My5vcmcvMjAwMC9zdmciPjwvc3ZnPg==\" style=\"--smush-placeholder-width: 40px; --smush-placeholder-aspect-ratio: 40\/40;\">\r\n                                        <\/span>\r\n                                                                    \r\n                              <\/div>\r\n                              <div class=\"contact__list-content-9\">\r\n                                                                        <h5 class=\"tp-el-box-title\">Email<\/h5>\r\n                                     \r\n\r\n                                     \r\n                                    <p class=\"tp-el-box-desc\"><a href=\"tel:info@mindyourgap.com\">info@mindyourgap.com<\/a><\/p>\r\n                                     \r\n                              <\/div>\r\n                           <\/div>\r\n                                                   <\/div>\r\n                     <\/div>\r\n                  <\/div>\r\n                  <div class=\"col-xxl-7 col-xl-7 col-lg-7 col-md-6\">\r\n                     <div class=\"contact__form-9 pt-20 pl-70\">\r\n                                                <h4 class=\"contact__form-9-title tp-el-input-title\">Deixa'ns les teves dades i ens posarem en contacte<\/h4>\r\n                         \r\n\r\n                                                <div class=\"contact__form-9-inner tp-el-contact-input tp-el-contact-input-btn\">\r\n                            \n<div class=\"wpcf7 no-js\" id=\"wpcf7-f12004-o1\" lang=\"es-ES\" dir=\"ltr\" data-wpcf7-id=\"12004\">\n<div class=\"screen-reader-response\"><p role=\"status\" aria-live=\"polite\" aria-atomic=\"true\"><\/p> <ul><\/ul><\/div>\n<form action=\"\/ca\/wp-json\/wp\/v2\/pages\/12047#wpcf7-f12004-o1\" method=\"post\" class=\"wpcf7-form init\" aria-label=\"Formulario de contacto\" novalidate=\"novalidate\" data-status=\"init\">\n<fieldset class=\"hidden-fields-container\"><input type=\"hidden\" name=\"_wpcf7\" value=\"12004\" \/><input type=\"hidden\" name=\"_wpcf7_version\" value=\"6.1.5\" \/><input type=\"hidden\" name=\"_wpcf7_locale\" value=\"es_ES\" \/><input type=\"hidden\" name=\"_wpcf7_unit_tag\" value=\"wpcf7-f12004-o1\" \/><input type=\"hidden\" name=\"_wpcf7_container_post\" value=\"0\" \/><input type=\"hidden\" name=\"_wpcf7_posted_data_hash\" value=\"\" \/><input type=\"hidden\" name=\"_wpcf7_recaptcha_response\" value=\"\" \/>\n<\/fieldset>\n<div class=\"row\">\n   <div class=\"col-lg-6\">\n      <div class=\"contact__input-9\">\n         <span class=\"wpcf7-form-control-wrap\" data-name=\"nombre\"><input size=\"40\" maxlength=\"400\" class=\"wpcf7-form-control wpcf7-text\" aria-invalid=\"false\" placeholder=\"Nombre*\" value=\"\" type=\"text\" name=\"nombre\" \/><\/span>\n      <\/div>\n   <\/div>\n   <div class=\"col-lg-6\">\n      <div class=\"contact__input-9\">\n         <span class=\"wpcf7-form-control-wrap\" data-name=\"email\"><input size=\"40\" maxlength=\"400\" class=\"wpcf7-form-control wpcf7-email wpcf7-text wpcf7-validates-as-email\" aria-invalid=\"false\" placeholder=\"Email*\" value=\"\" type=\"email\" name=\"email\" \/><\/span>\n      <\/div>\n   <\/div>\n   <div class=\"col-lg-6\">\n      <div class=\"contact__input-9\">\n         <span class=\"wpcf7-form-control-wrap\" data-name=\"movil\"><input size=\"40\" maxlength=\"400\" class=\"wpcf7-form-control wpcf7-text\" aria-invalid=\"false\" placeholder=\"M\u00f3vil\" value=\"\" type=\"text\" name=\"movil\" \/><\/span>\n      <\/div>\n   <\/div>\n   <div class=\"col-lg-12\">\n      <div class=\"contact__input-9\">\n         <span class=\"wpcf7-form-control-wrap\" data-name=\"textarea-197\"><textarea cols=\"40\" rows=\"10\" maxlength=\"2000\" class=\"wpcf7-form-control wpcf7-textarea\" aria-invalid=\"false\" placeholder=\"\u00bfC\u00f3mo podemos ayudarte?\" name=\"textarea-197\"><\/textarea><\/span>\n      <\/div>\n   <\/div>\n   <div class=\"col-lg-12\">\n      <div class=\"contact__btn-9\">\n         <button type=\"submit\" class=\"tp-btn-6 w-100\">Enviar<\/button>\n      <\/div>\n   <\/div>\n<\/div><div class=\"wpcf7-response-output\" aria-hidden=\"true\"><\/div>\n<\/form>\n<\/div>\n\r\n                        \t\r\n                        <\/div>\r\n                     <\/div>\r\n                  <\/div>\r\n               <\/div>\r\n            <\/div>\r\n         <\/section>\r\n         <!-- contact area end -->\r\n\r\n         \r\n        \t\t\t\t<\/div>\n\t\t\t\t<\/div>\n\t\t\t\t\t<\/div>\n\t\t<\/div>\n\t\t\t\t\t<\/div>\n\t\t<\/section>\n\t\t\t\t<\/div>\n\t\t","protected":false},"excerpt":{"rendered":"<p>Servei d&#8217;Assessorament \u201c360\u201d en Transformaci\u00f3 Digital El principal objectiu d&#8217;aquest servei \u00e9s oferir assessorament en la transformaci\u00f3 digital de la teva pime, proporcionant solucions adaptades a les teves necessitats espec\u00edfiques. Es definiran la inversi\u00f3 necess\u00e0ria i les mesures estrat\u00e8giques per a aplicar en cada \u00e0rea d&#8217;impacte aconseguint una millora d&#8217;\u00e0mbit general. A m\u00e9s, s&#8217;utilitzaran tecnologies [&hellip;]<\/p>\n","protected":false},"author":2,"featured_media":0,"parent":12035,"menu_order":0,"comment_status":"closed","ping_status":"closed","template":"elementor_header_footer","meta":{"_acf_changed":false,"footnotes":""},"class_list":["post-12047","page","type-page","status-publish","hentry"],"acf":[],"_links":{"self":[{"href":"https:\/\/mindyourgap.com\/ca\/wp-json\/wp\/v2\/pages\/12047","targetHints":{"allow":["GET"]}}],"collection":[{"href":"https:\/\/mindyourgap.com\/ca\/wp-json\/wp\/v2\/pages"}],"about":[{"href":"https:\/\/mindyourgap.com\/ca\/wp-json\/wp\/v2\/types\/page"}],"author":[{"embeddable":true,"href":"https:\/\/mindyourgap.com\/ca\/wp-json\/wp\/v2\/users\/2"}],"replies":[{"embeddable":true,"href":"https:\/\/mindyourgap.com\/ca\/wp-json\/wp\/v2\/comments?post=12047"}],"version-history":[{"count":5,"href":"https:\/\/mindyourgap.com\/ca\/wp-json\/wp\/v2\/pages\/12047\/revisions"}],"predecessor-version":[{"id":12107,"href":"https:\/\/mindyourgap.com\/ca\/wp-json\/wp\/v2\/pages\/12047\/revisions\/12107"}],"up":[{"embeddable":true,"href":"https:\/\/mindyourgap.com\/ca\/wp-json\/wp\/v2\/pages\/12035"}],"wp:attachment":[{"href":"https:\/\/mindyourgap.com\/ca\/wp-json\/wp\/v2\/media?parent=12047"}],"curies":[{"name":"wp","href":"https:\/\/api.w.org\/{rel}","templated":true}]}}